{"id":8572,"date":"2016-09-28T13:20:34","date_gmt":"2016-09-28T13:20:34","guid":{"rendered":"https:\/\/rudolphdobrasil.com.br\/es\/?page_id=8572"},"modified":"2021-09-30T17:13:41","modified_gmt":"2021-09-30T20:13:41","slug":"canal-de-etica-rudolph","status":"publish","type":"page","link":"https:\/\/rudolphdobrasil.com.br\/es\/canal-de-etica-rudolph\/","title":{"rendered":"Canal de \u00c9tica Rudolph"},"content":{"rendered":"[vc_row fullwidth=\u00bbtrue\u00bb fullwidth_content=\u00bbfalse\u00bb css=\u00bb.vc_custom_1473973343756{padding-left: 40px !important;background-image: url(https:\/\/rudolphdobrasil.com.br\/wp-content\/uploads\/2016\/06\/torresmo.jpg?id=7929) !important;background-position: center !important;background-repeat: no-repeat !important;background-size: cover !important;}\u00bb][vc_column][vc_empty_space height=\u00bb80px\u00bb][vc_column_text]\n<h1><span style=\"color: #223145;\">Canal de Etica Rudolph do Brasil<\/span><\/h1>\n[\/vc_column_text][vc_empty_space height=\u00bb80px\u00bb][\/vc_column][\/vc_row][vc_row fullwidth=\u00bbtrue\u00bb][vc_column css=\u00bb.vc_custom_1471008952263{padding-top: 0px !important;padding-bottom: 0px !important;}\u00bb][vc_row_inner][vc_column_inner offset=\u00bbvc_col-lg-offset-2 vc_col-lg-8 vc_col-md-offset-2 vc_col-md-8&#8243; css=\u00bb.vc_custom_1471008958568{padding-top: 0px !important;padding-bottom: 0px !important;}\u00bb][vc_empty_space height=\u00bb40px\u00bb][vc_column_text]\n<h2 style=\"text-align: center;\">Bien venido al Canal de \u00c9tica<br \/>\nda Rudolph Foods do Brasil<\/h2>\n[\/vc_column_text][vc_column_text css=\u00bb.vc_custom_1633032644092{margin-bottom: 0px !important;}\u00bb]\n<h6 style=\"text-align: center;\"><span style=\"color: #000000;\">Ese canal existe para ayudarlo a comunicar o denunciar<\/span><br \/>\n<span style=\"color: #000000;\">posibles violaciones al C\u00f3digo de \u00c9tica y Conducta de la compa\u00f1\u00eda.<\/span><\/h6>\n[\/vc_column_text][vc_empty_space height=\u00bb40px\u00bb][\/vc_column_inner][\/vc_row_inner][vc_row_inner][vc_column_inner offset=\u00bbvc_col-lg-offset-3 vc_col-lg-6 vc_col-md-offset-3 vc_col-md-6&#8243; css=\u00bb.vc_custom_1471009316882{padding-top: 0px !important;padding-bottom: 0px !important;}\u00bb][vc_separator color=\u00bbcustom\u00bb accent_color=\u00bb#f1352f\u00bb css=\u00bb.vc_custom_1471009194830{margin-top: 0px !important;margin-bottom: 0px !important;padding-top: 0px !important;padding-bottom: 0px !important;}\u00bb][vc_empty_space height=\u00bb40px\u00bb][vc_column_text]\n<h4 style=\"text-align: center;\">Nuestro Compromiso<\/h4>\n[\/vc_column_text][vc_separator color=\u00bbcustom\u00bb el_width=\u00bb10&#8243; accent_color=\u00bbrgba(255,255,255,0.6)\u00bb css=\u00bb.vc_custom_1471009883230{margin-top: 15px !important;margin-bottom: 15px !important;padding-top: 0px !important;padding-bottom: 0px !important;}\u00bb][vc_column_text css=\u00bb.vc_custom_1633032798725{margin-bottom: 0px !important;}\u00bb]<span style=\"color: #000000;\">Rudolph do Brasil est\u00e1 comprometida con los m\u00e1s altos padrones de calidad, transparencia, conducta y comportamiento \u00e9tico.<\/span><\/p>\n<p><span style=\"color: #000000;\">Trabajando con confianza e integridad, nuestros empleados, clientes y amigos son fundamentales para mantener esas pr\u00e1cticas.<\/span><\/p>\n<p><span style=\"color: #000000;\">Es de responsabilidad de todos, cuestiones, sugestiones o preocupaciones que puedan afectar la compa\u00f1\u00eda y su reputaci\u00f3n.<\/span><\/p>\n<p><span style=\"color: #000000;\">Si sospechas o sepas de comportamiento que sea violaci\u00f3n al Codigo de Etica y Conducta, solicitase que nos comunique inmediatamente.<\/span>[\/vc_column_text][vc_empty_space height=\u00bb40px\u00bb][vc_separator color=\u00bbcustom\u00bb accent_color=\u00bb#f1352f\u00bb css=\u00bb.vc_custom_1471009182246{margin-top: 0px !important;margin-bottom: 0px !important;padding-top: 0px !important;padding-bottom: 0px !important;}\u00bb][vc_empty_space height=\u00bb40px\u00bb][vc_column_text]\n<h4 style=\"text-align: center;\">Env\u00ede su queja o declaraci\u00f3n<\/h4>\n[\/vc_column_text][vc_separator color=\u00bbcustom\u00bb el_width=\u00bb10&#8243; accent_color=\u00bbrgba(255,255,255,0.6)\u00bb css=\u00bb.vc_custom_1471009916098{margin-top: 15px !important;margin-bottom: 15px !important;padding-top: 0px !important;padding-bottom: 0px !important;}\u00bb][vc_column_text css=\u00bb.vc_custom_1633032818399{margin-bottom: 0px !important;}\u00bb]\n<p style=\"text-align: center;\"><span style=\"color: #000000;\">Su identidad ser\u00e1 mantenida en absoluto sigilo<\/span><br \/>\n<span style=\"color: #000000;\">y la denuncia ser\u00e1 investigada inmediatamente.<\/span><\/p>\n[\/vc_column_text][vc_empty_space height=\u00bb20px\u00bb]<script type=\"text\/javascript\">if(!gform){document.addEventListener(\"gform_main_scripts_loaded\",function(){gform.scriptsLoaded=!0}),window.addEventListener(\"DOMContentLoaded\",function(){gform.domLoaded=!0});var gform={domLoaded:!1,scriptsLoaded:!1,initializeOnLoaded:function(o){gform.domLoaded&&gform.scriptsLoaded?o():!gform.domLoaded&&gform.scriptsLoaded?window.addEventListener(\"DOMContentLoaded\",o):document.addEventListener(\"gform_main_scripts_loaded\",o)},hooks:{action:{},filter:{}},addAction:function(o,n,r,t){gform.addHook(\"action\",o,n,r,t)},addFilter:function(o,n,r,t){gform.addHook(\"filter\",o,n,r,t)},doAction:function(o){gform.doHook(\"action\",o,arguments)},applyFilters:function(o){return gform.doHook(\"filter\",o,arguments)},removeAction:function(o,n){gform.removeHook(\"action\",o,n)},removeFilter:function(o,n,r){gform.removeHook(\"filter\",o,n,r)},addHook:function(o,n,r,t,i){null==gform.hooks[o][n]&&(gform.hooks[o][n]=[]);var e=gform.hooks[o][n];null==i&&(i=n+\"_\"+e.length),null==t&&(t=10),gform.hooks[o][n].push({tag:i,callable:r,priority:t})},doHook:function(o,n,r){if(r=Array.prototype.slice.call(r,1),null!=gform.hooks[o][n]){var t,i=gform.hooks[o][n];i.sort(function(o,n){return o.priority-n.priority});for(var e=0;e<i.length;e++)\"function\"!=typeof(t=i[e].callable)&&(t=window[t]),\"action\"==o?t.apply(null,r):r[0]=t.apply(null,r)}if(\"filter\"==o)return r[0]},removeHook:function(o,n,r,t){if(null!=gform.hooks[o][n])for(var i=gform.hooks[o][n],e=i.length-1;0<=e;e--)null!=t&&t!=i[e].tag||null!=r&&r!=i[e].priority||i.splice(e,1)}}}<\/script>\n                <div class='gf_browser_gecko gform_wrapper gform_legacy_markup_wrapper' id='gform_wrapper_7' style='display:none'><div id='gf_7' class='gform_anchor' tabindex='-1'><\/div><form method='post' enctype='multipart\/form-data' target='gform_ajax_frame_7' id='gform_7'  action='\/es\/wp-json\/wp\/v2\/pages\/8572#gf_7' >\n                        <div class='gform_body gform-body'><ul id='gform_fields_7' class='gform_fields top_label form_sublabel_below description_below'><li id=\"field_7_1\" class=\"gfield gfield_contains_required field_sublabel_below field_description_below gfield_visibility_visible\" ><label class='gfield_label' for='input_7_1' >Sector<span class=\"gfield_required\"><span class=\"gfield_required gfield_required_asterisk\">*<\/span><\/span><\/label><div class='ginput_container ginput_container_select'><select name='input_1' id='input_7_1' class='large gfield_select'    aria-required=\"true\" aria-invalid=\"false\" ><option value='' selected='selected' class='gf_placeholder'>Seleccione una opci\u00f3n<\/option><option value='Calidad' >Calidad<\/option><option value='Administrativo y Financiero' >Administrativo y Financiero<\/option><option value='Recursos humanos' >Recursos humanos<\/option><option value='Producci\u00f3n' >Producci\u00f3n<\/option><option value='Mantenimiento' >Mantenimiento<\/option><option value='Ventas' >Ventas<\/option><option value='Otro' >Otro<\/option><\/select><\/div><\/li><li id=\"field_7_2\" class=\"gfield gfield_contains_required field_sublabel_below field_description_below gfield_visibility_visible\" ><label class='gfield_label' for='input_7_2' >Otro sector. \u00bfQu\u00e9?<span class=\"gfield_required\"><span class=\"gfield_required gfield_required_asterisk\">*<\/span><\/span><\/label><div class='ginput_container ginput_container_text'><input name='input_2' id='input_7_2' type='text' value='' class='large'    placeholder='Por favor, informar al sector' aria-required=\"true\" aria-invalid=\"false\"   \/> <\/div><\/li><li id=\"field_7_3\" class=\"gfield gfield_contains_required field_sublabel_below field_description_below gfield_visibility_visible\" ><label class='gfield_label screen-reader-text'  ><span class=\"gfield_required\"><span class=\"gfield_required gfield_required_asterisk\">*<\/span><\/span><\/label><div class='ginput_container ginput_container_radio'><ul class='gfield_radio' id='input_7_3'>\n\t\t\t<li class='gchoice gchoice_7_3_0'>\n\t\t\t\t<input name='input_3' type='radio' value='Anonimo'  id='choice_7_3_0'    \/>\n\t\t\t\t<label for='choice_7_3_0' id='label_7_3_0'>Anonimo<\/label>\n\t\t\t<\/li>\n\t\t\t<li class='gchoice gchoice_7_3_1'>\n\t\t\t\t<input name='input_3' type='radio' value='Identificacion'  id='choice_7_3_1'    \/>\n\t\t\t\t<label for='choice_7_3_1' id='label_7_3_1'>Identificacion<\/label>\n\t\t\t<\/li><\/ul><\/div><\/li><li id=\"field_7_4\" class=\"gfield field_sublabel_below field_description_below gfield_visibility_visible\" ><label class='gfield_label' for='input_7_4' >Nombre<\/label><div class='ginput_container ginput_container_text'><input name='input_4' id='input_7_4' type='text' value='' class='large'    placeholder='Nombre y Apellido'  aria-invalid=\"false\"   \/> <\/div><\/li><li id=\"field_7_6\" class=\"gfield gfield_contains_required field_sublabel_below field_description_below gfield_visibility_visible\" ><label class='gfield_label' for='input_7_6' >E-mail<span class=\"gfield_required\"><span class=\"gfield_required gfield_required_asterisk\">*<\/span><\/span><\/label><div class='ginput_container ginput_container_email'>\n                            <input name='input_6' id='input_7_6' type='text' value='' class='large'    aria-required=\"true\" aria-invalid=\"false\"  \/>\n                        <\/div><\/li><li id=\"field_7_5\" class=\"gfield gfield_contains_required field_sublabel_below field_description_below gfield_visibility_visible\" ><label class='gfield_label' for='input_7_5' >Tel\u00e9fono<span class=\"gfield_required\"><span class=\"gfield_required gfield_required_asterisk\">*<\/span><\/span><\/label><div class='ginput_container ginput_container_text'><input name='input_5' id='input_7_5' type='text' value='' class='large'     aria-required=\"true\" aria-invalid=\"false\"   \/> <\/div><\/li><li id=\"field_7_7\" class=\"gfield gfield_contains_required field_sublabel_below field_description_below gfield_visibility_visible\" ><label class='gfield_label' for='input_7_7' >Por favor describa su queja o declaraci\u00f3n:<span class=\"gfield_required\"><span class=\"gfield_required gfield_required_asterisk\">*<\/span><\/span><\/label><div class='ginput_container ginput_container_textarea'><textarea name='input_7' id='input_7_7' class='textarea large'     aria-required=\"true\" aria-invalid=\"false\"   rows='10' cols='50'><\/textarea><\/div><\/li><\/ul><\/div>\n        <div class='gform_footer top_label'> <input type='submit' id='gform_submit_button_7' class='gform_button button' value='Enviar'  onclick='if(window[\"gf_submitting_7\"]){return false;}  window[\"gf_submitting_7\"]=true;  ' onkeypress='if( event.keyCode == 13 ){ if(window[\"gf_submitting_7\"]){return false;} window[\"gf_submitting_7\"]=true;  jQuery(\"#gform_7\").trigger(\"submit\",[true]); }' \/> <input type='hidden' name='gform_ajax' value='form_id=7&amp;title=&amp;description=&amp;tabindex=0' \/>\n            <input type='hidden' class='gform_hidden' name='is_submit_7' value='1' \/>\n            <input type='hidden' class='gform_hidden' name='gform_submit' value='7' \/>\n            \n            <input type='hidden' class='gform_hidden' name='gform_unique_id' value='' \/>\n            <input type='hidden' class='gform_hidden' name='state_7' value='WyJbXSIsIjdmMDAwMjZjZTQwMzJiNGIzZjI5MDQ2YzQ5MTJiOGJlIl0=' \/>\n            <input type='hidden' class='gform_hidden' name='gform_target_page_number_7' id='gform_target_page_number_7' value='0' \/>\n            <input type='hidden' class='gform_hidden' name='gform_source_page_number_7' id='gform_source_page_number_7' value='1' \/>\n            <input type='hidden' name='gform_field_values' value='' \/>\n            \n        <\/div>\n                        <input type=\"hidden\" id=\"ct_checkjs_fe131d7f5a6b38b23cc967316c13dae2\" name=\"ct_checkjs\" value=\"0\" \/><script >setTimeout(function(){var ct_input_name = \"ct_checkjs_fe131d7f5a6b38b23cc967316c13dae2\";if (document.getElementById(ct_input_name) !== null) {var ct_input_value = document.getElementById(ct_input_name).value;document.getElementById(ct_input_name).value = document.getElementById(ct_input_name).value.replace(ct_input_value, '1905809836');}}, 1000);<\/script><label class=\"apbct_special_field\" id=\"apbct_label_id87818\" for=\"apbct__email_id__gravity_form_87818\">87818<\/label><input \n        id=\"apbct__email_id__gravity_form_87818\" \n        class=\"apbct_special_field apbct__email_id__gravity_form\"\n        autocomplete=\"off\" \n        name=\"apbct__email_id__gravity_form_87818\"  \n        type=\"text\" \n        value=\"87818\" \n        size=\"30\" \n        apbct_event_id=\"87818\"\n        maxlength=\"200\" \n    \/><input \n        id=\"apbct_event_id_gravity_form_87818\"\n        class=\"apbct_special_field\"\n        name=\"apbct_event_id\"\n        type=\"hidden\" \n        value=\"87818\" \n            \/><\/form>\n                        <\/div>\n                <iframe style='display:none;width:0px;height:0px;' src='about:blank' name='gform_ajax_frame_7' id='gform_ajax_frame_7' title='Este iframe contiene la l\u00f3gica necesaria para gestionar formularios con ajax activado.'><\/iframe>\n                <script type=\"text\/javascript\">\n\/* <![CDATA[ *\/\n gform.initializeOnLoaded( function() {gformInitSpinner( 7, 'https:\/\/rudolphdobrasil.com.br\/wp-content\/plugins\/gravityforms\/images\/spinner.svg' );jQuery('#gform_ajax_frame_7').on('load',function(){var contents = jQuery(this).contents().find('*').html();var is_postback = contents.indexOf('GF_AJAX_POSTBACK') >= 0;if(!is_postback){return;}var form_content = jQuery(this).contents().find('#gform_wrapper_7');var is_confirmation = jQuery(this).contents().find('#gform_confirmation_wrapper_7').length > 0;var is_redirect = contents.indexOf('gformRedirect(){') >= 0;var is_form = form_content.length > 0 && ! is_redirect && ! is_confirmation;var mt = parseInt(jQuery('html').css('margin-top'), 10) + parseInt(jQuery('body').css('margin-top'), 10) + 100;if(is_form){jQuery('#gform_wrapper_7').html(form_content.html());if(form_content.hasClass('gform_validation_error')){jQuery('#gform_wrapper_7').addClass('gform_validation_error');} else {jQuery('#gform_wrapper_7').removeClass('gform_validation_error');}setTimeout( function() { \/* delay the scroll by 50 milliseconds to fix a bug in chrome *\/ jQuery(document).scrollTop(jQuery('#gform_wrapper_7').offset().top - mt); }, 50 );if(window['gformInitDatepicker']) {gformInitDatepicker();}if(window['gformInitPriceFields']) {gformInitPriceFields();}var current_page = jQuery('#gform_source_page_number_7').val();gformInitSpinner( 7, 'https:\/\/rudolphdobrasil.com.br\/wp-content\/plugins\/gravityforms\/images\/spinner.svg' );jQuery(document).trigger('gform_page_loaded', [7, current_page]);window['gf_submitting_7'] = false;}else if(!is_redirect){var confirmation_content = jQuery(this).contents().find('.GF_AJAX_POSTBACK').html();if(!confirmation_content){confirmation_content = contents;}setTimeout(function(){jQuery('#gform_wrapper_7').replaceWith(confirmation_content);jQuery(document).scrollTop(jQuery('#gf_7').offset().top - mt);jQuery(document).trigger('gform_confirmation_loaded', [7]);window['gf_submitting_7'] = false;wp.a11y.speak(jQuery('#gform_confirmation_message_7').text());}, 50);}else{jQuery('#gform_7').append(contents);if(window['gformRedirect']) {gformRedirect();}}jQuery(document).trigger('gform_post_render', [7, current_page]);} );} ); \n\/* ]]> *\/\n<\/script>\n[vc_empty_space height=\u00bb80px\u00bb][\/vc_column_inner][\/vc_row_inner][vc_separator color=\u00bbcustom\u00bb accent_color=\u00bb#f1352f\u00bb css=\u00bb.vc_custom_1471009161284{margin-top: 0px !important;margin-bottom: 0px !important;padding-top: 0px !important;padding-bottom: 0px !important;}\u00bb][\/vc_column][\/vc_row]\n","protected":false},"excerpt":{"rendered":"<p>[vc_row fullwidth=\u00bbtrue\u00bb fullwidth_content=\u00bbfalse\u00bb css=\u00bb.vc_custom_1473973343756{padding-left: 40px !important;background-image: url(https:\/\/rudolphdobrasil.com.br\/wp-content\/uploads\/2016\/06\/torresmo.jpg?id=7929) !important;background-position: center !important;background-repeat: no-repeat !important;background-size: cover !important;}\u00bb][vc_column][vc_empty_space height=\u00bb80px\u00bb][vc_column_text] Canal de Etica Rudolph do Brasil [\/vc_column_text][vc_empty_space height=\u00bb80px\u00bb][\/vc_column][\/vc_row][vc_row fullwidth=\u00bbtrue\u00bb][vc_column css=\u00bb.vc_custom_1471008952263{padding-top: 0px !important;padding-bottom: 0px !important;}\u00bb][vc_row_inner][vc_column_inner offset=\u00bbvc_col-lg-offset-2 vc_col-lg-8 vc_col-md-offset-2 vc_col-md-8&#8243; css=\u00bb.vc_custom_1471008958568{padding-top: 0px !important;padding-bottom: 0px !important;}\u00bb][vc_empty_space height=\u00bb40px\u00bb][vc_column_text] Bien venido al Canal de \u00c9tica da Rudolph Foods do Brasil [\/vc_column_text][vc_column_text css=\u00bb.vc_custom_1633032644092{margin-bottom: 0px !important;}\u00bb] Ese [&hellip;]<\/p>\n","protected":false},"author":2,"featured_media":0,"parent":0,"menu_order":0,"comment_status":"closed","ping_status":"closed","template":"","meta":{"_monsterinsights_skip_tracking":false,"_monsterinsights_sitenote_active":false,"_monsterinsights_sitenote_note":"","_monsterinsights_sitenote_category":0,"footnotes":""},"class_list":["post-8572","page","type-page","status-publish","hentry"],"yoast_head":"<!-- This site is optimized with the Yoast SEO plugin v26.9 - https:\/\/yoast.com\/product\/yoast-seo-wordpress\/ -->\n<title>Canal de \u00c9tica Rudolph &#8212; Rudolph Foods<\/title>\n<meta name=\"robots\" content=\"index, follow, max-snippet:-1, max-image-preview:large, max-video-preview:-1\" \/>\n<link rel=\"canonical\" href=\"https:\/\/rudolphdobrasil.com.br\/es\/canal-de-etica-rudolph\/\" \/>\n<meta property=\"og:locale\" content=\"es_ES\" \/>\n<meta property=\"og:type\" content=\"article\" \/>\n<meta property=\"og:title\" content=\"Canal de \u00c9tica Rudolph &#8212; Rudolph Foods\" \/>\n<meta property=\"og:description\" content=\"[vc_row fullwidth=\u00bbtrue\u00bb fullwidth_content=\u00bbfalse\u00bb css=\u00bb.vc_custom_1473973343756{padding-left: 40px !important;background-image: url(https:\/\/rudolphdobrasil.com.br\/wp-content\/uploads\/2016\/06\/torresmo.jpg?id=7929) !important;background-position: center !important;background-repeat: no-repeat !important;background-size: cover !important;}\u00bb][vc_column][vc_empty_space height=\u00bb80px\u00bb][vc_column_text] Canal de Etica Rudolph do Brasil [\/vc_column_text][vc_empty_space height=\u00bb80px\u00bb][\/vc_column][\/vc_row][vc_row fullwidth=\u00bbtrue\u00bb][vc_column css=\u00bb.vc_custom_1471008952263{padding-top: 0px !important;padding-bottom: 0px !important;}\u00bb][vc_row_inner][vc_column_inner offset=\u00bbvc_col-lg-offset-2 vc_col-lg-8 vc_col-md-offset-2 vc_col-md-8&#8243; css=\u00bb.vc_custom_1471008958568{padding-top: 0px !important;padding-bottom: 0px !important;}\u00bb][vc_empty_space height=\u00bb40px\u00bb][vc_column_text] Bien venido al Canal de \u00c9tica da Rudolph Foods do Brasil [\/vc_column_text][vc_column_text css=\u00bb.vc_custom_1633032644092{margin-bottom: 0px !important;}\u00bb] Ese [&hellip;]\" \/>\n<meta property=\"og:url\" content=\"https:\/\/rudolphdobrasil.com.br\/es\/canal-de-etica-rudolph\/\" \/>\n<meta property=\"og:site_name\" content=\"Rudolph Foods\" \/>\n<meta property=\"article:modified_time\" content=\"2021-09-30T20:13:41+00:00\" \/>\n<meta name=\"twitter:card\" content=\"summary_large_image\" \/>\n<meta name=\"twitter:label1\" content=\"Tiempo de lectura\" \/>\n\t<meta name=\"twitter:data1\" content=\"2 minutos\" \/>\n<script type=\"application\/ld+json\" class=\"yoast-schema-graph\">{\"@context\":\"https:\/\/schema.org\",\"@graph\":[{\"@type\":\"WebPage\",\"@id\":\"https:\/\/rudolphdobrasil.com.br\/es\/canal-de-etica-rudolph\/\",\"url\":\"https:\/\/rudolphdobrasil.com.br\/es\/canal-de-etica-rudolph\/\",\"name\":\"Canal de \u00c9tica Rudolph &#8212; Rudolph Foods\",\"isPartOf\":{\"@id\":\"https:\/\/rudolphdobrasil.com.br\/#website\"},\"datePublished\":\"2016-09-28T13:20:34+00:00\",\"dateModified\":\"2021-09-30T20:13:41+00:00\",\"breadcrumb\":{\"@id\":\"https:\/\/rudolphdobrasil.com.br\/es\/canal-de-etica-rudolph\/#breadcrumb\"},\"inLanguage\":\"es\",\"potentialAction\":[{\"@type\":\"ReadAction\",\"target\":[\"https:\/\/rudolphdobrasil.com.br\/es\/canal-de-etica-rudolph\/\"]}]},{\"@type\":\"BreadcrumbList\",\"@id\":\"https:\/\/rudolphdobrasil.com.br\/es\/canal-de-etica-rudolph\/#breadcrumb\",\"itemListElement\":[{\"@type\":\"ListItem\",\"position\":1,\"name\":\"In\u00edcio\",\"item\":\"https:\/\/rudolphdobrasil.com.br\/es\/?page_id=17273\"},{\"@type\":\"ListItem\",\"position\":2,\"name\":\"Canal de \u00c9tica Rudolph\"}]},{\"@type\":\"WebSite\",\"@id\":\"https:\/\/rudolphdobrasil.com.br\/#website\",\"url\":\"https:\/\/rudolphdobrasil.com.br\/\",\"name\":\"Rudolph Foods\",\"description\":\"Pellets para Pururuca &amp; Torresmo\",\"publisher\":{\"@id\":\"https:\/\/rudolphdobrasil.com.br\/#organization\"},\"potentialAction\":[{\"@type\":\"SearchAction\",\"target\":{\"@type\":\"EntryPoint\",\"urlTemplate\":\"https:\/\/rudolphdobrasil.com.br\/?s={search_term_string}\"},\"query-input\":{\"@type\":\"PropertyValueSpecification\",\"valueRequired\":true,\"valueName\":\"search_term_string\"}}],\"inLanguage\":\"es\"},{\"@type\":\"Organization\",\"@id\":\"https:\/\/rudolphdobrasil.com.br\/#organization\",\"name\":\"Rudolph Foods do Brasil\",\"url\":\"https:\/\/rudolphdobrasil.com.br\/\",\"logo\":{\"@type\":\"ImageObject\",\"inLanguage\":\"es\",\"@id\":\"https:\/\/rudolphdobrasil.com.br\/#\/schema\/logo\/image\/\",\"url\":\"https:\/\/rudolphdobrasil.com.br\/wp-content\/uploads\/2016\/09\/logo-rudolph-foods-footer.png\",\"contentUrl\":\"https:\/\/rudolphdobrasil.com.br\/wp-content\/uploads\/2016\/09\/logo-rudolph-foods-footer.png\",\"width\":400,\"height\":250,\"caption\":\"Rudolph Foods do Brasil\"},\"image\":{\"@id\":\"https:\/\/rudolphdobrasil.com.br\/#\/schema\/logo\/image\/\"}}]}<\/script>\n<!-- \/ Yoast SEO plugin. -->","yoast_head_json":{"title":"Canal de \u00c9tica Rudolph &#8212; Rudolph Foods","robots":{"index":"index","follow":"follow","max-snippet":"max-snippet:-1","max-image-preview":"max-image-preview:large","max-video-preview":"max-video-preview:-1"},"canonical":"https:\/\/rudolphdobrasil.com.br\/es\/canal-de-etica-rudolph\/","og_locale":"es_ES","og_type":"article","og_title":"Canal de \u00c9tica Rudolph &#8212; Rudolph Foods","og_description":"[vc_row fullwidth=\u00bbtrue\u00bb fullwidth_content=\u00bbfalse\u00bb css=\u00bb.vc_custom_1473973343756{padding-left: 40px !important;background-image: url(https:\/\/rudolphdobrasil.com.br\/wp-content\/uploads\/2016\/06\/torresmo.jpg?id=7929) !important;background-position: center !important;background-repeat: no-repeat !important;background-size: cover !important;}\u00bb][vc_column][vc_empty_space height=\u00bb80px\u00bb][vc_column_text] Canal de Etica Rudolph do Brasil [\/vc_column_text][vc_empty_space height=\u00bb80px\u00bb][\/vc_column][\/vc_row][vc_row fullwidth=\u00bbtrue\u00bb][vc_column css=\u00bb.vc_custom_1471008952263{padding-top: 0px !important;padding-bottom: 0px !important;}\u00bb][vc_row_inner][vc_column_inner offset=\u00bbvc_col-lg-offset-2 vc_col-lg-8 vc_col-md-offset-2 vc_col-md-8&#8243; css=\u00bb.vc_custom_1471008958568{padding-top: 0px !important;padding-bottom: 0px !important;}\u00bb][vc_empty_space height=\u00bb40px\u00bb][vc_column_text] Bien venido al Canal de \u00c9tica da Rudolph Foods do Brasil [\/vc_column_text][vc_column_text css=\u00bb.vc_custom_1633032644092{margin-bottom: 0px !important;}\u00bb] Ese [&hellip;]","og_url":"https:\/\/rudolphdobrasil.com.br\/es\/canal-de-etica-rudolph\/","og_site_name":"Rudolph Foods","article_modified_time":"2021-09-30T20:13:41+00:00","twitter_card":"summary_large_image","twitter_misc":{"Tiempo de lectura":"2 minutos"},"schema":{"@context":"https:\/\/schema.org","@graph":[{"@type":"WebPage","@id":"https:\/\/rudolphdobrasil.com.br\/es\/canal-de-etica-rudolph\/","url":"https:\/\/rudolphdobrasil.com.br\/es\/canal-de-etica-rudolph\/","name":"Canal de \u00c9tica Rudolph &#8212; Rudolph Foods","isPartOf":{"@id":"https:\/\/rudolphdobrasil.com.br\/#website"},"datePublished":"2016-09-28T13:20:34+00:00","dateModified":"2021-09-30T20:13:41+00:00","breadcrumb":{"@id":"https:\/\/rudolphdobrasil.com.br\/es\/canal-de-etica-rudolph\/#breadcrumb"},"inLanguage":"es","potentialAction":[{"@type":"ReadAction","target":["https:\/\/rudolphdobrasil.com.br\/es\/canal-de-etica-rudolph\/"]}]},{"@type":"BreadcrumbList","@id":"https:\/\/rudolphdobrasil.com.br\/es\/canal-de-etica-rudolph\/#breadcrumb","itemListElement":[{"@type":"ListItem","position":1,"name":"In\u00edcio","item":"https:\/\/rudolphdobrasil.com.br\/es\/?page_id=17273"},{"@type":"ListItem","position":2,"name":"Canal de \u00c9tica Rudolph"}]},{"@type":"WebSite","@id":"https:\/\/rudolphdobrasil.com.br\/#website","url":"https:\/\/rudolphdobrasil.com.br\/","name":"Rudolph Foods","description":"Pellets para Pururuca &amp; Torresmo","publisher":{"@id":"https:\/\/rudolphdobrasil.com.br\/#organization"},"potentialAction":[{"@type":"SearchAction","target":{"@type":"EntryPoint","urlTemplate":"https:\/\/rudolphdobrasil.com.br\/?s={search_term_string}"},"query-input":{"@type":"PropertyValueSpecification","valueRequired":true,"valueName":"search_term_string"}}],"inLanguage":"es"},{"@type":"Organization","@id":"https:\/\/rudolphdobrasil.com.br\/#organization","name":"Rudolph Foods do Brasil","url":"https:\/\/rudolphdobrasil.com.br\/","logo":{"@type":"ImageObject","inLanguage":"es","@id":"https:\/\/rudolphdobrasil.com.br\/#\/schema\/logo\/image\/","url":"https:\/\/rudolphdobrasil.com.br\/wp-content\/uploads\/2016\/09\/logo-rudolph-foods-footer.png","contentUrl":"https:\/\/rudolphdobrasil.com.br\/wp-content\/uploads\/2016\/09\/logo-rudolph-foods-footer.png","width":400,"height":250,"caption":"Rudolph Foods do Brasil"},"image":{"@id":"https:\/\/rudolphdobrasil.com.br\/#\/schema\/logo\/image\/"}}]}},"_links":{"self":[{"href":"https:\/\/rudolphdobrasil.com.br\/es\/wp-json\/wp\/v2\/pages\/8572","targetHints":{"allow":["GET"]}}],"collection":[{"href":"https:\/\/rudolphdobrasil.com.br\/es\/wp-json\/wp\/v2\/pages"}],"about":[{"href":"https:\/\/rudolphdobrasil.com.br\/es\/wp-json\/wp\/v2\/types\/page"}],"author":[{"embeddable":true,"href":"https:\/\/rudolphdobrasil.com.br\/es\/wp-json\/wp\/v2\/users\/2"}],"replies":[{"embeddable":true,"href":"https:\/\/rudolphdobrasil.com.br\/es\/wp-json\/wp\/v2\/comments?post=8572"}],"version-history":[{"count":10,"href":"https:\/\/rudolphdobrasil.com.br\/es\/wp-json\/wp\/v2\/pages\/8572\/revisions"}],"predecessor-version":[{"id":14925,"href":"https:\/\/rudolphdobrasil.com.br\/es\/wp-json\/wp\/v2\/pages\/8572\/revisions\/14925"}],"wp:attachment":[{"href":"https:\/\/rudolphdobrasil.com.br\/es\/wp-json\/wp\/v2\/media?parent=8572"}],"curies":[{"name":"wp","href":"https:\/\/api.w.org\/{rel}","templated":true}]}}