{"id":8577,"date":"2016-09-28T13:24:46","date_gmt":"2016-09-28T13:24:46","guid":{"rendered":"https:\/\/rudolphdobrasil.com.br\/es\/?page_id=8577"},"modified":"2021-07-26T20:25:34","modified_gmt":"2021-07-26T23:25:34","slug":"productos","status":"publish","type":"page","link":"https:\/\/rudolphdobrasil.com.br\/es\/productos\/","title":{"rendered":"Productos"},"content":{"rendered":"[vc_row fullwidth=\u00bbtrue\u00bb fullwidth_content=\u00bbfalse\u00bb css=\u00bb.vc_custom_1626917141011{padding-left: 40px !important;background-image: url(https:\/\/rudolphdobrasil.com.br\/wp-content\/uploads\/2021\/07\/produtos_02.jpg?id=14696) !important;background-position: center !important;background-repeat: no-repeat !important;background-size: cover !important;}\u00bb][vc_column][mk_padding_divider size=\u00bb80&#8243;][vc_column_text css=\u00bb.vc_custom_1627341462390{margin-bottom: 0px !important;}\u00bb]\n<h1><span style=\"color: #ffffff;\">Productos<\/span><\/h1>\n<h5><span style=\"color: #ffffff;\">Chicharr\u00f3n Tipo Americano y Chicharr\u00f3n Tradicional: conozca los productos Rudolph do Brasil<\/span><\/h5>\n[\/vc_column_text][mk_padding_divider size=\u00bb80&#8243;][\/vc_column][\/vc_row][vc_row fullwidth=\u00bbtrue\u00bb fullwidth_content=\u00bbfalse\u00bb][vc_column][mk_padding_divider][vc_row_inner][vc_column_inner offset=\u00bbvc_col-lg-offset-2 vc_col-lg-8 vc_col-md-offset-2 vc_col-md-8&#8243;][vc_column_text]\n<h2 style=\"text-align: center;\"><span style=\"color: #f1352f;\">Nuestro diferencial<\/span><\/h2>\n[\/vc_column_text][mk_padding_divider size=\u00bb10&#8243;][vc_column_text css=\u00bb.vc_custom_1627341486256{margin-bottom: 0px !important;}\u00bb]\n<h6 style=\"text-align: center;\"><span style=\"color: #333333;\">El chicharr\u00f3n de Rudolph Foods contiene bajos niveles de carbohidratos y bajo tenor de grasa.<br \/>\nEsos pellets semi-procesados se suministran a las industrias de aperitivos y papas fritas que se fr\u00eden y se envasan en las marcas de nuestros clientes. Especialmente en Brasil, los pellets tambi\u00e9n son distribuidos directamente a los bares y restaurantes, para fre\u00edr y servirse al momento de comerlos.<br \/>\n\u00a1Un aperitivo que se ve bien en cualquier momento!<br \/>\n<\/span><\/h6>\n[\/vc_column_text][mk_padding_divider size=\u00bb20&#8243;][\/vc_column_inner][\/vc_row_inner][\/vc_column][\/vc_row][vc_row][vc_column width=\u00bb1\/4&#8243;][vc_empty_space height=\u00bb40px\u00bb el_class=\u00bbdivider-0-on-xsmall\u00bb][vc_single_image image=\u00bb7995&#8243; img_size=\u00bb80&#215;80&#8243; alignment=\u00bbcenter\u00bb][vc_empty_space height=\u00bb20px\u00bb][vc_column_text css=\u00bb.vc_custom_1627341507468{margin-bottom: 0px !important;}\u00bb]\n<h4 style=\"margin-bottom: 15px !important; text-align: center;\"><span style=\"color: #f1352f;\">Alta en prote\u00ednas<\/span><\/h4>\n<p><span style=\"color: #333333;\">El chicharr\u00f3n Rudolph do Brasil es excelente fuente de prote\u00ednas, con bajo tenor de carbohidratos, perteneciendo a la l\u00ednea de alimentos <em>low-carb<\/em>.<\/span>[\/vc_column_text][vc_empty_space height=\u00bb60px\u00bb el_class=\u00bbdivider-20-on-xsmall\u00bb][\/vc_column][vc_column width=\u00bb1\/4&#8243;][vc_empty_space height=\u00bb40px\u00bb el_class=\u00bbdivider-0-on-xsmall\u00bb][vc_single_image image=\u00bb7996&#8243; img_size=\u00bb80&#215;80&#8243; alignment=\u00bbcenter\u00bb][vc_empty_space height=\u00bb20px\u00bb][vc_column_text css=\u00bb.vc_custom_1627341518486{margin-bottom: 0px !important;}\u00bb]\n<h4 style=\"margin-bottom: 15px !important; text-align: center;\"><span style=\"color: #f1352f;\">Bajo contenido de carbohidratos<\/span><\/h4>\n<p><span style=\"color: #333333;\">Aquellos en b\u00fasqueda de alimentos con bajo nivel de carbohidratos o gente con dietas especiales, pueden probar al chicharr\u00f3n de cerdo Rudolph do Brasil, pues en ese producto encuentran una rica fuente de prote\u00ednas con nivel cero de carbohidratos.<\/span>[\/vc_column_text][vc_empty_space height=\u00bb60px\u00bb el_class=\u00bbdivider-20-on-xsmall\u00bb][\/vc_column][vc_column width=\u00bb1\/4&#8243;][vc_empty_space height=\u00bb40px\u00bb el_class=\u00bbdivider-0-on-xsmall\u00bb][vc_single_image image=\u00bb7998&#8243; img_size=\u00bb80&#215;80&#8243; alignment=\u00bbcenter\u00bb][vc_empty_space height=\u00bb20px\u00bb][vc_column_text css=\u00bb.vc_custom_1627341603677{margin-bottom: 0px !important;}\u00bb]\n<h4 style=\"margin-bottom: 15px !important; text-align: center;\"><span style=\"color: #f1352f;\">Libre de<br \/>\ngrasas trans<\/span><\/h4>\n<p><span style=\"color: #333333;\">Todo el proceso de secado y procesamiento de pellets de cerdo Rudolph do Brasil se realiza usando grasa porcina. Durante el proceso de fritura, la mayor\u00eda de los clientes utilizan aceites vegetales que tambi\u00e9n son libres de grasas trans, que mantiene el sello \u2018Cero Grasa Trans\u2019 a los productos de Rudolph do Brasil.<\/span>[\/vc_column_text][vc_empty_space height=\u00bb60px\u00bb el_class=\u00bbdivider-20-on-xsmall\u00bb][\/vc_column][vc_column width=\u00bb1\/4&#8243;][vc_empty_space height=\u00bb40px\u00bb el_class=\u00bbdivider-0-on-xsmall\u00bb][vc_single_image image=\u00bb7997&#8243; img_size=\u00bb80&#215;80&#8243; alignment=\u00bbcenter\u00bb][vc_empty_space height=\u00bb20px\u00bb][vc_column_text css=\u00bb.vc_custom_1627341543810{margin-bottom: 0px !important;}\u00bb]\n<h4 style=\"margin-bottom: 15px !important; text-align: center;\"><span style=\"color: #f1352f;\">Bajo en<br \/>\ngrasa<\/span><\/h4>\n<p><span style=\"color: #333333;\">La compa\u00f1\u00eda utiliza m\u00e9todos lentos y adecuados de extracci\u00f3n de la grasa de la piel del cerdo, que proporciona consistencia, retire el nivel adecuado de grasa y garantiza el producto de mejor sabor del mercado.<\/span>[\/vc_column_text][vc_empty_space height=\u00bb60px\u00bb el_class=\u00bbdivider-20-on-xsmall\u00bb][\/vc_column][\/vc_row][vc_row][vc_column width=\u00bb1\/3&#8243;][vc_empty_space height=\u00bb30px\u00bb el_class=\u00bbdivider-0-on-xsmall\u00bb][vc_single_image image=\u00bb8371&#8243; img_size=\u00bb120&#215;100&#8243; alignment=\u00bbcenter\u00bb][vc_empty_space height=\u00bb20px\u00bb][vc_column_text css=\u00bb.vc_custom_1627341626153{margin-bottom: 0px !important;}\u00bb]\n<h5 style=\"text-align: center;\"><span style=\"color: #333333;\">InspeCcionado y aprobado por el<\/span><br \/>\n<span style=\"color: #333333;\">Ministerio da la Agricultura atrav\u00e9s del<\/span><br \/>\n<span style=\"color: #333333;\">Sistema de Inspecci\u00f3n Federal (S.I.F.)<\/span><\/h5>\n[\/vc_column_text][vc_empty_space height=\u00bb60px\u00bb el_class=\u00bbdivider-20-on-xsmall\u00bb][\/vc_column][vc_column width=\u00bb1\/3&#8243;][vc_empty_space height=\u00bb30px\u00bb el_class=\u00bbdivider-0-on-xsmall\u00bb][vc_single_image image=\u00bb8327&#8243; img_size=\u00bb108&#215;100&#8243; alignment=\u00bbcenter\u00bb][vc_empty_space height=\u00bb20px\u00bb][vc_column_text css=\u00bb.vc_custom_1627341645519{margin-bottom: 0px !important;}\u00bb]\n<h5 style=\"text-align: center;\"><span style=\"color: #333333;\">Certificaci\u00f3n Internacional<\/span><br \/>\n<span style=\"color: #333333;\">de An\u00e1lisis de Peligros y Puntos<\/span><br \/>\n<span style=\"color: #333333;\">Cr\u00edticos de Control (HACCP)<\/span><\/h5>\n[\/vc_column_text][vc_empty_space height=\u00bb60px\u00bb el_class=\u00bbdivider-20-on-xsmall\u00bb][\/vc_column][vc_column width=\u00bb1\/3&#8243;][vc_empty_space height=\u00bb30px\u00bb el_class=\u00bbdivider-0-on-xsmall\u00bb][vc_single_image image=\u00bb8411&#8243; img_size=\u00bb108&#215;100&#8243; alignment=\u00bbcenter\u00bb][vc_empty_space height=\u00bb20px\u00bb][vc_column_text css=\u00bb.vc_custom_1627341655040{margin-bottom: 0px !important;}\u00bb]\n<h5 style=\"text-align: center;\"><span style=\"color: #333333;\">Selo de Qualidade American<\/span><br \/>\n<span style=\"color: #333333;\">Institute of Baking (AIB)<\/span><br \/>\n<span style=\"color: #333333;\">International<\/span><\/h5>\n[\/vc_column_text][vc_empty_space height=\u00bb60px\u00bb el_class=\u00bbdivider-20-on-xsmall\u00bb][\/vc_column][\/vc_row][mk_page_section bg_image=\u00bbhttps:\/\/rudolphdobrasil.com.br\/wp-content\/uploads\/2016\/06\/produtos-mesa.jpg\u00bb bg_position=\u00bbcenter bottom\u00bb bg_repeat=\u00bbno-repeat\u00bb bg_stretch=\u00bbtrue\u00bb full_width=\u00bbtrue\u00bb padding_top=\u00bb0&#8243; padding_bottom=\u00bb0&#8243; has_bottom_shape_divider=\u00bbtrue\u00bb bottom_shape_style=\u00bbcurve-bottom\u00bb bottom_shape_color=\u00bb#004a9a\u00bb el_class=\u00bbvc_hidden-xs\u00bb sidebar=\u00bbsidebar-1&#8243;][vc_column][vc_row_inner attached=\u00bbtrue\u00bb][vc_column_inner width=\u00bb1\/2&#8243; css=\u00bb.vc_custom_1465331995059{padding-right: 40px !important;padding-left: 40px !important;}\u00bb][mk_padding_divider size=\u00bb60&#8243;][vc_column_text]\n<h2 style=\"text-align: center; color: #223145;\">Cracklin<\/h2>\n<h6 style=\"text-align: center; color: #2b2a2f; font-weight: 600;\">Pellets tipo\u00a0<em>Tender Strips<\/em><\/h6>\n[\/vc_column_text][mk_padding_divider size=\u00bb20&#8243;][mk_button dimension=\u00bboutline\u00bb corner_style=\u00bbrounded\u00bb size=\u00bblarge\u00bb url=\u00bbhttps:\/\/rudolphdobrasil.com.br\/es\/cracklin\/\u00bb align=\u00bbcenter\u00bb margin_right=\u00bb0&#8243; outline_skin=\u00bbcustom\u00bb outline_active_color=\u00bb#f1352f\u00bb outline_active_text_color=\u00bb#f1352f\u00bb outline_hover_bg_color=\u00bb#f1352f\u00bb outline_hover_color=\u00bb#ffffff\u00bb]CONOZCA M\u00c1S[\/mk_button][mk_padding_divider size=\u00bb20&#8243;][vc_single_image image=\u00bb8018&#8243; img_size=\u00bb400&#215;430&#8243; alignment=\u00bbcenter\u00bb onclick=\u00bbcustom_link\u00bb link=\u00bbhttps:\/\/rudolphdobrasil.com.br\/es\/cracklin\/\u00bb][mk_padding_divider][\/vc_column_inner][vc_column_inner width=\u00bb1\/2&#8243; css=\u00bb.vc_custom_1465332123286{padding-right: 40px !important;padding-left: 40px !important;}\u00bb][mk_padding_divider size=\u00bb60&#8243;][vc_column_text]\n<h2 style=\"text-align: center; color: #223145; font-weight: 600;\">Chicharr\u00f3n<\/h2>\n<h6 style=\"text-align: center; color: #2b2a2f; font-weight: 600;\">Pellets tipo\u00a0<em>Pork Rinds<\/em><\/h6>\n[\/vc_column_text][mk_padding_divider size=\u00bb20&#8243;][mk_button dimension=\u00bboutline\u00bb corner_style=\u00bbrounded\u00bb size=\u00bblarge\u00bb url=\u00bbhttps:\/\/rudolphdobrasil.com.br\/es\/chicharron\u00bb align=\u00bbcenter\u00bb margin_right=\u00bb0&#8243; outline_skin=\u00bbcustom\u00bb outline_active_color=\u00bb#f1352f\u00bb outline_active_text_color=\u00bb#f1352f\u00bb outline_hover_bg_color=\u00bb#f1352f\u00bb outline_hover_color=\u00bb#ffffff\u00bb]CONOZCA M\u00c1S[\/mk_button][mk_padding_divider size=\u00bb20&#8243;][vc_single_image image=\u00bb8017&#8243; img_size=\u00bb400&#215;430&#8243; alignment=\u00bbcenter\u00bb onclick=\u00bbcustom_link\u00bb link=\u00bbhttps:\/\/rudolphdobrasil.com.br\/es\/chicharron\u00bb][mk_padding_divider][\/vc_column_inner][\/vc_row_inner][\/vc_column][\/mk_page_section][vc_row fullwidth=\u00bbtrue\u00bb][vc_column offset=\u00bbvc_hidden-lg vc_hidden-md vc_hidden-sm\u00bb][vc_row_inner][vc_column_inner width=\u00bb1\/2&#8243; css=\u00bb.vc_custom_1473962954215{padding-right: 40px !important;padding-left: 40px !important;background-image: url(https:\/\/rudolphdobrasil.com.br\/wp-content\/uploads\/2016\/06\/produtos-mesa.jpg?id=8414) !important;background-position: center !important;background-repeat: no-repeat !important;background-size: cover !important;}\u00bb][vc_column_text]\n<h2 style=\"text-align: center; color: #223145;\">Cracklin<\/h2>\n<h6 style=\"text-align: center; color: #2b2a2f; font-weight: 600;\">Pellets tipo\u00a0<em>Tender Strips<\/em><\/h6>\n[\/vc_column_text][mk_padding_divider size=\u00bb20&#8243;][mk_button dimension=\u00bboutline\u00bb corner_style=\u00bbrounded\u00bb size=\u00bblarge\u00bb url=\u00bbhttps:\/\/rudolphdobrasil.com.br\/es\/cracklin\/\u00bb align=\u00bbcenter\u00bb margin_right=\u00bb0&#8243; outline_skin=\u00bbcustom\u00bb outline_active_color=\u00bb#f1352f\u00bb outline_active_text_color=\u00bb#223145&#8243; outline_hover_bg_color=\u00bb#f1352f\u00bb outline_hover_color=\u00bb#ffffff\u00bb]CONOZCA M\u00c1S[\/mk_button][vc_single_image image=\u00bb8018&#8243; img_size=\u00bb400&#215;430&#8243; alignment=\u00bbcenter\u00bb onclick=\u00bbcustom_link\u00bb link=\u00bbhttps:\/\/rudolphdobrasil.com.br\/es\/cracklin\u00bb][mk_padding_divider][\/vc_column_inner][vc_column_inner width=\u00bb1\/2&#8243; css=\u00bb.vc_custom_1473962960328{padding-right: 40px !important;padding-left: 40px !important;background-image: url(https:\/\/rudolphdobrasil.com.br\/wp-content\/uploads\/2016\/06\/produtos-mesa.jpg?id=8414) !important;background-position: center !important;background-repeat: no-repeat !important;background-size: cover !important;}\u00bb][vc_column_text]\n<h2 style=\"text-align: center; color: #223145; font-weight: 600;\">Chicharr\u00f3n<\/h2>\n<h6 style=\"text-align: center; color: #2b2a2f; font-weight: 600;\">Pellets tipo\u00a0<em>Pork Rinds<\/em><\/h6>\n[\/vc_column_text][mk_padding_divider size=\u00bb20&#8243;][mk_button dimension=\u00bboutline\u00bb corner_style=\u00bbrounded\u00bb size=\u00bblarge\u00bb url=\u00bbhttps:\/\/rudolphdobrasil.com.br\/es\/chicharron\u00bb align=\u00bbcenter\u00bb margin_right=\u00bb0&#8243; outline_skin=\u00bbcustom\u00bb outline_active_color=\u00bb#f1352f\u00bb outline_active_text_color=\u00bb#223145&#8243; outline_hover_bg_color=\u00bb#f1352f\u00bb outline_hover_color=\u00bb#ffffff\u00bb]CONOZCA M\u00c1S[\/mk_button][vc_single_image image=\u00bb8017&#8243; img_size=\u00bb400&#215;430&#8243; alignment=\u00bbcenter\u00bb onclick=\u00bbcustom_link\u00bb link=\u00bbhttps:\/\/rudolphdobrasil.com.br\/es\/chicharron\/\u00bb][mk_padding_divider][\/vc_column_inner][\/vc_row_inner][\/vc_column][\/vc_row]\n","protected":false},"excerpt":{"rendered":"<p>[vc_row fullwidth=\u00bbtrue\u00bb fullwidth_content=\u00bbfalse\u00bb css=\u00bb.vc_custom_1626917141011{padding-left: 40px !important;background-image: url(https:\/\/rudolphdobrasil.com.br\/wp-content\/uploads\/2021\/07\/produtos_02.jpg?id=14696) !important;background-position: center !important;background-repeat: no-repeat !important;background-size: cover !important;}\u00bb][vc_column][mk_padding_divider size=\u00bb80&#8243;][vc_column_text css=\u00bb.vc_custom_1627341462390{margin-bottom: 0px !important;}\u00bb] Productos Chicharr\u00f3n Tipo Americano y Chicharr\u00f3n Tradicional: conozca los productos Rudolph do Brasil [\/vc_column_text][mk_padding_divider size=\u00bb80&#8243;][\/vc_column][\/vc_row][vc_row fullwidth=\u00bbtrue\u00bb fullwidth_content=\u00bbfalse\u00bb][vc_column][mk_padding_divider][vc_row_inner][vc_column_inner offset=\u00bbvc_col-lg-offset-2 vc_col-lg-8 vc_col-md-offset-2 vc_col-md-8&#8243;][vc_column_text] Nuestro diferencial [\/vc_column_text][mk_padding_divider size=\u00bb10&#8243;][vc_column_text css=\u00bb.vc_custom_1627341486256{margin-bottom: 0px !important;}\u00bb] El chicharr\u00f3n de Rudolph Foods contiene bajos niveles de [&hellip;]<\/p>\n","protected":false},"author":2,"featured_media":0,"parent":0,"menu_order":0,"comment_status":"closed","ping_status":"closed","template":"","meta":{"_monsterinsights_skip_tracking":false,"_monsterinsights_sitenote_active":false,"_monsterinsights_sitenote_note":"","_monsterinsights_sitenote_category":0,"footnotes":""},"class_list":["post-8577","page","type-page","status-publish","hentry"],"yoast_head":"<!-- This site is optimized with the Yoast SEO plugin v26.9 - https:\/\/yoast.com\/product\/yoast-seo-wordpress\/ -->\n<title>Productos &#8212; Rudolph Foods<\/title>\n<meta name=\"robots\" content=\"index, follow, max-snippet:-1, max-image-preview:large, max-video-preview:-1\" \/>\n<link rel=\"canonical\" href=\"https:\/\/rudolphdobrasil.com.br\/es\/productos\/\" \/>\n<meta property=\"og:locale\" content=\"es_ES\" \/>\n<meta property=\"og:type\" content=\"article\" \/>\n<meta property=\"og:title\" content=\"Productos &#8212; Rudolph Foods\" \/>\n<meta property=\"og:description\" content=\"[vc_row fullwidth=\u00bbtrue\u00bb fullwidth_content=\u00bbfalse\u00bb css=\u00bb.vc_custom_1626917141011{padding-left: 40px !important;background-image: url(https:\/\/rudolphdobrasil.com.br\/wp-content\/uploads\/2021\/07\/produtos_02.jpg?id=14696) !important;background-position: center !important;background-repeat: no-repeat !important;background-size: cover !important;}\u00bb][vc_column][mk_padding_divider size=\u00bb80&#8243;][vc_column_text css=\u00bb.vc_custom_1627341462390{margin-bottom: 0px !important;}\u00bb] Productos Chicharr\u00f3n Tipo Americano y Chicharr\u00f3n Tradicional: conozca los productos Rudolph do Brasil [\/vc_column_text][mk_padding_divider size=\u00bb80&#8243;][\/vc_column][\/vc_row][vc_row fullwidth=\u00bbtrue\u00bb fullwidth_content=\u00bbfalse\u00bb][vc_column][mk_padding_divider][vc_row_inner][vc_column_inner offset=\u00bbvc_col-lg-offset-2 vc_col-lg-8 vc_col-md-offset-2 vc_col-md-8&#8243;][vc_column_text] Nuestro diferencial [\/vc_column_text][mk_padding_divider size=\u00bb10&#8243;][vc_column_text css=\u00bb.vc_custom_1627341486256{margin-bottom: 0px !important;}\u00bb] El chicharr\u00f3n de Rudolph Foods contiene bajos niveles de [&hellip;]\" \/>\n<meta property=\"og:url\" content=\"https:\/\/rudolphdobrasil.com.br\/es\/productos\/\" \/>\n<meta property=\"og:site_name\" content=\"Rudolph Foods\" \/>\n<meta property=\"article:modified_time\" content=\"2021-07-26T23:25:34+00:00\" \/>\n<meta name=\"twitter:card\" content=\"summary_large_image\" \/>\n<meta name=\"twitter:label1\" content=\"Tiempo de lectura\" \/>\n\t<meta name=\"twitter:data1\" content=\"7 minutos\" \/>\n<script type=\"application\/ld+json\" class=\"yoast-schema-graph\">{\"@context\":\"https:\/\/schema.org\",\"@graph\":[{\"@type\":\"WebPage\",\"@id\":\"https:\/\/rudolphdobrasil.com.br\/es\/productos\/\",\"url\":\"https:\/\/rudolphdobrasil.com.br\/es\/productos\/\",\"name\":\"Productos &#8212; Rudolph Foods\",\"isPartOf\":{\"@id\":\"https:\/\/rudolphdobrasil.com.br\/#website\"},\"datePublished\":\"2016-09-28T13:24:46+00:00\",\"dateModified\":\"2021-07-26T23:25:34+00:00\",\"breadcrumb\":{\"@id\":\"https:\/\/rudolphdobrasil.com.br\/es\/productos\/#breadcrumb\"},\"inLanguage\":\"es\",\"potentialAction\":[{\"@type\":\"ReadAction\",\"target\":[\"https:\/\/rudolphdobrasil.com.br\/es\/productos\/\"]}]},{\"@type\":\"BreadcrumbList\",\"@id\":\"https:\/\/rudolphdobrasil.com.br\/es\/productos\/#breadcrumb\",\"itemListElement\":[{\"@type\":\"ListItem\",\"position\":1,\"name\":\"In\u00edcio\",\"item\":\"https:\/\/rudolphdobrasil.com.br\/es\/?page_id=17273\"},{\"@type\":\"ListItem\",\"position\":2,\"name\":\"Productos\"}]},{\"@type\":\"WebSite\",\"@id\":\"https:\/\/rudolphdobrasil.com.br\/#website\",\"url\":\"https:\/\/rudolphdobrasil.com.br\/\",\"name\":\"Rudolph Foods\",\"description\":\"Pellets para Pururuca &amp; Torresmo\",\"publisher\":{\"@id\":\"https:\/\/rudolphdobrasil.com.br\/#organization\"},\"potentialAction\":[{\"@type\":\"SearchAction\",\"target\":{\"@type\":\"EntryPoint\",\"urlTemplate\":\"https:\/\/rudolphdobrasil.com.br\/?s={search_term_string}\"},\"query-input\":{\"@type\":\"PropertyValueSpecification\",\"valueRequired\":true,\"valueName\":\"search_term_string\"}}],\"inLanguage\":\"es\"},{\"@type\":\"Organization\",\"@id\":\"https:\/\/rudolphdobrasil.com.br\/#organization\",\"name\":\"Rudolph Foods do Brasil\",\"url\":\"https:\/\/rudolphdobrasil.com.br\/\",\"logo\":{\"@type\":\"ImageObject\",\"inLanguage\":\"es\",\"@id\":\"https:\/\/rudolphdobrasil.com.br\/#\/schema\/logo\/image\/\",\"url\":\"https:\/\/rudolphdobrasil.com.br\/wp-content\/uploads\/2016\/09\/logo-rudolph-foods-footer.png\",\"contentUrl\":\"https:\/\/rudolphdobrasil.com.br\/wp-content\/uploads\/2016\/09\/logo-rudolph-foods-footer.png\",\"width\":400,\"height\":250,\"caption\":\"Rudolph Foods do Brasil\"},\"image\":{\"@id\":\"https:\/\/rudolphdobrasil.com.br\/#\/schema\/logo\/image\/\"}}]}<\/script>\n<!-- \/ Yoast SEO plugin. -->","yoast_head_json":{"title":"Productos &#8212; Rudolph Foods","robots":{"index":"index","follow":"follow","max-snippet":"max-snippet:-1","max-image-preview":"max-image-preview:large","max-video-preview":"max-video-preview:-1"},"canonical":"https:\/\/rudolphdobrasil.com.br\/es\/productos\/","og_locale":"es_ES","og_type":"article","og_title":"Productos &#8212; Rudolph Foods","og_description":"[vc_row fullwidth=\u00bbtrue\u00bb fullwidth_content=\u00bbfalse\u00bb css=\u00bb.vc_custom_1626917141011{padding-left: 40px !important;background-image: url(https:\/\/rudolphdobrasil.com.br\/wp-content\/uploads\/2021\/07\/produtos_02.jpg?id=14696) !important;background-position: center !important;background-repeat: no-repeat !important;background-size: cover !important;}\u00bb][vc_column][mk_padding_divider size=\u00bb80&#8243;][vc_column_text css=\u00bb.vc_custom_1627341462390{margin-bottom: 0px !important;}\u00bb] Productos Chicharr\u00f3n Tipo Americano y Chicharr\u00f3n Tradicional: conozca los productos Rudolph do Brasil [\/vc_column_text][mk_padding_divider size=\u00bb80&#8243;][\/vc_column][\/vc_row][vc_row fullwidth=\u00bbtrue\u00bb fullwidth_content=\u00bbfalse\u00bb][vc_column][mk_padding_divider][vc_row_inner][vc_column_inner offset=\u00bbvc_col-lg-offset-2 vc_col-lg-8 vc_col-md-offset-2 vc_col-md-8&#8243;][vc_column_text] Nuestro diferencial [\/vc_column_text][mk_padding_divider size=\u00bb10&#8243;][vc_column_text css=\u00bb.vc_custom_1627341486256{margin-bottom: 0px !important;}\u00bb] El chicharr\u00f3n de Rudolph Foods contiene bajos niveles de [&hellip;]","og_url":"https:\/\/rudolphdobrasil.com.br\/es\/productos\/","og_site_name":"Rudolph Foods","article_modified_time":"2021-07-26T23:25:34+00:00","twitter_card":"summary_large_image","twitter_misc":{"Tiempo de lectura":"7 minutos"},"schema":{"@context":"https:\/\/schema.org","@graph":[{"@type":"WebPage","@id":"https:\/\/rudolphdobrasil.com.br\/es\/productos\/","url":"https:\/\/rudolphdobrasil.com.br\/es\/productos\/","name":"Productos &#8212; Rudolph Foods","isPartOf":{"@id":"https:\/\/rudolphdobrasil.com.br\/#website"},"datePublished":"2016-09-28T13:24:46+00:00","dateModified":"2021-07-26T23:25:34+00:00","breadcrumb":{"@id":"https:\/\/rudolphdobrasil.com.br\/es\/productos\/#breadcrumb"},"inLanguage":"es","potentialAction":[{"@type":"ReadAction","target":["https:\/\/rudolphdobrasil.com.br\/es\/productos\/"]}]},{"@type":"BreadcrumbList","@id":"https:\/\/rudolphdobrasil.com.br\/es\/productos\/#breadcrumb","itemListElement":[{"@type":"ListItem","position":1,"name":"In\u00edcio","item":"https:\/\/rudolphdobrasil.com.br\/es\/?page_id=17273"},{"@type":"ListItem","position":2,"name":"Productos"}]},{"@type":"WebSite","@id":"https:\/\/rudolphdobrasil.com.br\/#website","url":"https:\/\/rudolphdobrasil.com.br\/","name":"Rudolph Foods","description":"Pellets para Pururuca &amp; Torresmo","publisher":{"@id":"https:\/\/rudolphdobrasil.com.br\/#organization"},"potentialAction":[{"@type":"SearchAction","target":{"@type":"EntryPoint","urlTemplate":"https:\/\/rudolphdobrasil.com.br\/?s={search_term_string}"},"query-input":{"@type":"PropertyValueSpecification","valueRequired":true,"valueName":"search_term_string"}}],"inLanguage":"es"},{"@type":"Organization","@id":"https:\/\/rudolphdobrasil.com.br\/#organization","name":"Rudolph Foods do Brasil","url":"https:\/\/rudolphdobrasil.com.br\/","logo":{"@type":"ImageObject","inLanguage":"es","@id":"https:\/\/rudolphdobrasil.com.br\/#\/schema\/logo\/image\/","url":"https:\/\/rudolphdobrasil.com.br\/wp-content\/uploads\/2016\/09\/logo-rudolph-foods-footer.png","contentUrl":"https:\/\/rudolphdobrasil.com.br\/wp-content\/uploads\/2016\/09\/logo-rudolph-foods-footer.png","width":400,"height":250,"caption":"Rudolph Foods do Brasil"},"image":{"@id":"https:\/\/rudolphdobrasil.com.br\/#\/schema\/logo\/image\/"}}]}},"_links":{"self":[{"href":"https:\/\/rudolphdobrasil.com.br\/es\/wp-json\/wp\/v2\/pages\/8577","targetHints":{"allow":["GET"]}}],"collection":[{"href":"https:\/\/rudolphdobrasil.com.br\/es\/wp-json\/wp\/v2\/pages"}],"about":[{"href":"https:\/\/rudolphdobrasil.com.br\/es\/wp-json\/wp\/v2\/types\/page"}],"author":[{"embeddable":true,"href":"https:\/\/rudolphdobrasil.com.br\/es\/wp-json\/wp\/v2\/users\/2"}],"replies":[{"embeddable":true,"href":"https:\/\/rudolphdobrasil.com.br\/es\/wp-json\/wp\/v2\/comments?post=8577"}],"version-history":[{"count":13,"href":"https:\/\/rudolphdobrasil.com.br\/es\/wp-json\/wp\/v2\/pages\/8577\/revisions"}],"predecessor-version":[{"id":14822,"href":"https:\/\/rudolphdobrasil.com.br\/es\/wp-json\/wp\/v2\/pages\/8577\/revisions\/14822"}],"wp:attachment":[{"href":"https:\/\/rudolphdobrasil.com.br\/es\/wp-json\/wp\/v2\/media?parent=8577"}],"curies":[{"name":"wp","href":"https:\/\/api.w.org\/{rel}","templated":true}]}}