{"id":8589,"date":"2016-04-06T20:52:05","date_gmt":"2016-04-06T20:52:05","guid":{"rendered":"https:\/\/rudolphdobrasil.com.br\/es\/?page_id=8589"},"modified":"2021-10-19T15:25:31","modified_gmt":"2021-10-19T18:25:31","slug":"quienes-somos","status":"publish","type":"page","link":"https:\/\/rudolphdobrasil.com.br\/es\/quienes-somos\/","title":{"rendered":"Qui\u00e9nes somos"},"content":{"rendered":"[vc_row fullwidth=\u00bbtrue\u00bb fullwidth_content=\u00bbfalse\u00bb css=\u00bb.vc_custom_1626926836216{padding-left: 40px !important;background-image: url(https:\/\/rudolphdobrasil.com.br\/wp-content\/uploads\/2021\/07\/quemsomos_02.jpg?id=14733) !important;background-position: center !important;background-repeat: no-repeat !important;background-size: cover !important;}\u00bb][vc_column][mk_padding_divider size=\u00bb80&#8243;][vc_column_text css=\u00bb.vc_custom_1633028874978{margin-bottom: 0px !important;}\u00bb]\n<h1><span style=\"color: #ffffff;\">QUI\u00c9NES SOMOS<\/span><\/h1>\n<h5><span style=\"color: #ffffff;\">\u00a1M\u00e1s de sesenta a\u00f1os de experiencia en la elaboraci\u00f3n de chicharrones!<\/span><\/h5>\n[\/vc_column_text][mk_padding_divider size=\u00bb80&#8243;][\/vc_column][\/vc_row][vc_row css=\u00bb.vc_custom_1626999305911{padding-top: 40px !important;}\u00bb][vc_column width=\u00bb1\/2&#8243; css=\u00bb.vc_custom_1465334405150{padding-right: 40px !important;}\u00bb][vc_empty_space height=\u00bb80px\u00bb el_class=\u00bbdivider-40-on-small divider-0-on-xsmall\u00bb][vc_column_text css=\u00bb.vc_custom_1629245155541{margin-bottom: 0px !important;}\u00bb]\n<h2 style=\"margin-bottom: 20px !important;\"><span style=\"color: #f1352f;\"><b>Por m\u00e1s de 60 a\u00f1os<\/b><\/span><\/h2>\n<p><span style=\"color: #333333;\">El compromiso de Rudolph con la excelencia se ha transmitido de generaci\u00f3n en generaci\u00f3n. En 1955, John Rudolph se enter\u00f3 de un mercado sin explotar para la piel de cerdo, y el empresario de Ohio lanz\u00f3 r\u00e1pidamente su propia empresa de producci\u00f3n de piel de cerdo con piel de tocino ahumado.<\/span>[\/vc_column_text][vc_column_text css=\u00bb.vc_custom_1629245172968{margin-bottom: 0px !important;}\u00bb]\n<h2 style=\"margin-bottom: 20px !important;\"><span style=\"color: #f1352f;\"><b>Receta secreta de Mary<\/b><\/span><\/h2>\n<p><span style=\"color: #333333;\">En 1957, la industria de carne ya no ahumaba cortezas de tocino. Presionada para salvar su nuevo negocio, la esposa de John, Mary, puso en pr\u00e1ctica su experiencia en econom\u00eda dom\u00e9stica e invent\u00f3 un revolucionario proceso de corte de carne de cerdo de dos pasos que la empresa todav\u00eda utiliza en la actualidad.<\/span>[\/vc_column_text][vc_column_text css=\u00bb.vc_custom_1629245284280{margin-bottom: 0px !important;}\u00bb]\n<h2 style=\"margin-bottom: 20px !important;\"><span style=\"color: #f1352f;\">Honrado del Premio Enactus<\/span><\/h2>\n<p><span style=\"color: #333333;\">El vicepresidente de ventas y marketing de Rudolph Pork Rinds, Mark Singleton, fue honrado con el premio Champion of Enactus.<\/span><\/p>\n<p><span style=\"color: #333333;\"><br \/>\nSingleton fue honrado junto con el Sr. John Kenning, vicepresidente de ventas de Ferrero USA, Mike Moore, vicepresidente ejecutivo y presidente de Walmart&#8217;s Small Formats USA, y el Sr. Christopher Mills, presidente de productos de consumo para Am\u00e9rica del Norte de BIC Corporation.<\/span>[\/vc_column_text][vc_empty_space height=\u00bb80px\u00bb el_class=\u00bbdivider-40-on-small divider-0-on-xsmall\u00bb][\/vc_column][vc_column width=\u00bb1\/2&#8243;][mk_padding_divider][vc_single_image image=\u00bb14736&#8243; img_size=\u00bb550&#215;360&#8243; alignment=\u00bbcenter\u00bb][mk_padding_divider][vc_raw_html]JTNDdWwlMjBjbGFzcyUzRCUyMnRpbWVsaW5lJTIyJTNFJTBBJTIwJTA5JTNDbGklM0UlM0NzcGFuJTNFMjAwOCUzQyUyRnNwYW4lM0UlM0NiciUyMCUyRiUzRSUwQVJ1ZG9scGglMjdzJTIwYWRxdWllcmUlMjB1bmElMjB1bmlkYWQlMjBkZSUyMGNyYWNrbGluZyUyMHklMjBjcmFja2xpbiUyMGVuJTIwTWlzc2lzc2lwcGklMjB5JTIwYWJyZSUyMHN1JTIwc2VndW5kYSUyMHVuaWRhZCUyMGludGVybmFjaW9uYWwlMjBlbiUyMEJyYXNpbC4lM0MlMkZsaSUzRSUwQSUyMCUwOSUzQ2xpJTNFJTNDc3BhbiUzRTIwMTElM0MlMkZzcGFuJTNFJTNDYnIlMjAlMkYlM0UlMEFSdWRvbHBoJTIwRm9vZHMlMjBpbmF1Z3VyYSUyMGVsJTIwcHJpbWVyJTIwRCVDMyVBRGElMjBOYWNpb25hbCUyMGRlJTIwQXByZWNpYWNpJUMzJUIzbiUyMGRlJTIwbGElMjBDb3J0ZXphJTIwZGUlMjBDZXJkby4lM0MlMkZsaSUzRSUwQSUyMCUwOSUzQ2xpJTNFJTNDc3BhbiUzRTIwMTMlM0MlMkZzcGFuJTNFJTNDYnIlMjAlMkYlM0UlMEFNdWVyZSUyMEpvaG4lMjBSdWRvbHBoJTJDJTIwZnVuZGFkb3IlMjB5JTIwdmlzaW9uYXJpbyUyMGRlJTIwbGElMjBtYXJjYSUyMFJ1ZG9scGguJTNDJTJGbGklM0UlMEElMjAlMDklM0NsaSUzRSUzQ3NwYW4lM0UyMDE0JTNDJTJGc3BhbiUzRSUzQ2JyJTIwJTJGJTNFSW52b2x1Y3JhciUyMGFsJTIwY29uc3VtaWRvciUyMGNvbiUyMGxhcyUyMGN1YWxpZGFkZXMlMjBjYXNlcmFzJTIwZGUlMjBsYSUyMHBpZWwlMjBkZSUyMGNlcmRvJTIwLi4uJTIwRW4lMjB0b2RvJTIwZWwlMjBwYSVDMyVBRHMlMkMlMjB1biUyMGJhcnJpbyUyQyUyMHVuJTIwYWZpY2lvbmFkbyUyMGFsJTIwZiVDMyVCQXRib2wlMjBhJTIwbGElMjB2ZXouJTIwRWwlMjBqdWVnbyUyMGRlJTIwZiVDMyVCQXRib2wlMjBkZSUyMFJ1ZG9scGglMjBwdWRvJTIwY3JlYXIlMjBjb25jaWVuY2lhJTIwc29icmUlMjBsYSUyMGNhcmlkYWQlMjBkZSUyME1pa2UlMjBEaXRrYSUyMHklMjBsZXMlMjBkaW8lMjBhJTIwbG9zJTIwYW1hbnRlcyUyMGRlJTIwbG9zJTIwbGFkcmlkb3MlMjBsYSUyMG9wb3J0dW5pZGFkJTIwZGUlMjBnYW5hciUyMGRpbmVybyUyMGVuJTIwZWZlY3Rpdm8lMjB5JTIwcHJlbWlvcy4lM0MlMkZsaSUzRSUwQSUyMCUwOSUzQ2xpJTNFJTNDc3BhbiUzRTIwMTYlM0MlMkZzcGFuJTNFJTNDYnIlMjAlMkYlM0VTZSUyMGxhbnphJTIwYWwlMjBtZXJjYWRvJTIwU291dGhlcm4lMjBSZWNpcGUlMjBTbWFsbCUyMEJhdGNoJTIwUG9yayUyMFJpbmRzJTJDJTIwbGElMjBtZWpvciUyMG9wY2klQzMlQjNuJTIwZGUlMjByZWZyaWdlcmlvJTIwcGFyYSUyMHVzdGVkLiUzQyUyRmxpJTNFJTBBJTNDJTJGdWwlM0U=[\/vc_raw_html][mk_padding_divider][\/vc_column][\/vc_row][mk_page_section has_bottom_shape_divider=\u00bbtrue\u00bb bottom_shape_style=\u00bbcurve-bottom\u00bb bottom_shape_color=\u00bb#004a9a\u00bb sidebar=\u00bbsidebar-1&#8243;][vc_column][\/vc_column][\/mk_page_section]\n","protected":false},"excerpt":{"rendered":"<p>[vc_row fullwidth=\u00bbtrue\u00bb fullwidth_content=\u00bbfalse\u00bb css=\u00bb.vc_custom_1626926836216{padding-left: 40px !important;background-image: url(https:\/\/rudolphdobrasil.com.br\/wp-content\/uploads\/2021\/07\/quemsomos_02.jpg?id=14733) !important;background-position: center !important;background-repeat: no-repeat !important;background-size: cover !important;}\u00bb][vc_column][mk_padding_divider size=\u00bb80&#8243;][vc_column_text css=\u00bb.vc_custom_1633028874978{margin-bottom: 0px !important;}\u00bb] QUI\u00c9NES SOMOS \u00a1M\u00e1s de sesenta a\u00f1os de experiencia en la elaboraci\u00f3n de chicharrones! [\/vc_column_text][mk_padding_divider size=\u00bb80&#8243;][\/vc_column][\/vc_row][vc_row css=\u00bb.vc_custom_1626999305911{padding-top: 40px !important;}\u00bb][vc_column width=\u00bb1\/2&#8243; css=\u00bb.vc_custom_1465334405150{padding-right: 40px !important;}\u00bb][vc_empty_space height=\u00bb80px\u00bb el_class=\u00bbdivider-40-on-small divider-0-on-xsmall\u00bb][vc_column_text css=\u00bb.vc_custom_1629245155541{margin-bottom: 0px !important;}\u00bb] Por m\u00e1s de 60 a\u00f1os El compromiso de Rudolph [&hellip;]<\/p>\n","protected":false},"author":2,"featured_media":0,"parent":0,"menu_order":5,"comment_status":"closed","ping_status":"closed","template":"","meta":{"_monsterinsights_skip_tracking":false,"_monsterinsights_sitenote_active":false,"_monsterinsights_sitenote_note":"","_monsterinsights_sitenote_category":0,"footnotes":""},"class_list":["post-8589","page","type-page","status-publish","hentry"],"yoast_head":"<!-- This site is optimized with the Yoast SEO plugin v26.9 - https:\/\/yoast.com\/product\/yoast-seo-wordpress\/ -->\n<title>Qui\u00e9nes somos &#8212; Rudolph Foods<\/title>\n<meta name=\"robots\" content=\"index, follow, max-snippet:-1, max-image-preview:large, max-video-preview:-1\" \/>\n<link rel=\"canonical\" href=\"https:\/\/rudolphdobrasil.com.br\/es\/quienes-somos\/\" \/>\n<meta property=\"og:locale\" content=\"es_ES\" \/>\n<meta property=\"og:type\" content=\"article\" \/>\n<meta property=\"og:title\" content=\"Qui\u00e9nes somos &#8212; Rudolph Foods\" \/>\n<meta property=\"og:description\" content=\"[vc_row fullwidth=\u00bbtrue\u00bb fullwidth_content=\u00bbfalse\u00bb css=\u00bb.vc_custom_1626926836216{padding-left: 40px !important;background-image: url(https:\/\/rudolphdobrasil.com.br\/wp-content\/uploads\/2021\/07\/quemsomos_02.jpg?id=14733) !important;background-position: center !important;background-repeat: no-repeat !important;background-size: cover !important;}\u00bb][vc_column][mk_padding_divider size=\u00bb80&#8243;][vc_column_text css=\u00bb.vc_custom_1633028874978{margin-bottom: 0px !important;}\u00bb] QUI\u00c9NES SOMOS \u00a1M\u00e1s de sesenta a\u00f1os de experiencia en la elaboraci\u00f3n de chicharrones! [\/vc_column_text][mk_padding_divider size=\u00bb80&#8243;][\/vc_column][\/vc_row][vc_row css=\u00bb.vc_custom_1626999305911{padding-top: 40px !important;}\u00bb][vc_column width=\u00bb1\/2&#8243; css=\u00bb.vc_custom_1465334405150{padding-right: 40px !important;}\u00bb][vc_empty_space height=\u00bb80px\u00bb el_class=\u00bbdivider-40-on-small divider-0-on-xsmall\u00bb][vc_column_text css=\u00bb.vc_custom_1629245155541{margin-bottom: 0px !important;}\u00bb] Por m\u00e1s de 60 a\u00f1os El compromiso de Rudolph [&hellip;]\" \/>\n<meta property=\"og:url\" content=\"https:\/\/rudolphdobrasil.com.br\/es\/quienes-somos\/\" \/>\n<meta property=\"og:site_name\" content=\"Rudolph Foods\" \/>\n<meta property=\"article:modified_time\" content=\"2021-10-19T18:25:31+00:00\" \/>\n<meta name=\"twitter:card\" content=\"summary_large_image\" \/>\n<meta name=\"twitter:label1\" content=\"Tiempo de lectura\" \/>\n\t<meta name=\"twitter:data1\" content=\"2 minutos\" \/>\n<script type=\"application\/ld+json\" class=\"yoast-schema-graph\">{\"@context\":\"https:\/\/schema.org\",\"@graph\":[{\"@type\":\"WebPage\",\"@id\":\"https:\/\/rudolphdobrasil.com.br\/es\/quienes-somos\/\",\"url\":\"https:\/\/rudolphdobrasil.com.br\/es\/quienes-somos\/\",\"name\":\"Qui\u00e9nes somos &#8212; Rudolph Foods\",\"isPartOf\":{\"@id\":\"https:\/\/rudolphdobrasil.com.br\/#website\"},\"datePublished\":\"2016-04-06T20:52:05+00:00\",\"dateModified\":\"2021-10-19T18:25:31+00:00\",\"breadcrumb\":{\"@id\":\"https:\/\/rudolphdobrasil.com.br\/es\/quienes-somos\/#breadcrumb\"},\"inLanguage\":\"es\",\"potentialAction\":[{\"@type\":\"ReadAction\",\"target\":[\"https:\/\/rudolphdobrasil.com.br\/es\/quienes-somos\/\"]}]},{\"@type\":\"BreadcrumbList\",\"@id\":\"https:\/\/rudolphdobrasil.com.br\/es\/quienes-somos\/#breadcrumb\",\"itemListElement\":[{\"@type\":\"ListItem\",\"position\":1,\"name\":\"In\u00edcio\",\"item\":\"https:\/\/rudolphdobrasil.com.br\/es\/?page_id=17273\"},{\"@type\":\"ListItem\",\"position\":2,\"name\":\"Qui\u00e9nes somos\"}]},{\"@type\":\"WebSite\",\"@id\":\"https:\/\/rudolphdobrasil.com.br\/#website\",\"url\":\"https:\/\/rudolphdobrasil.com.br\/\",\"name\":\"Rudolph Foods\",\"description\":\"Pellets para Pururuca &amp; Torresmo\",\"publisher\":{\"@id\":\"https:\/\/rudolphdobrasil.com.br\/#organization\"},\"potentialAction\":[{\"@type\":\"SearchAction\",\"target\":{\"@type\":\"EntryPoint\",\"urlTemplate\":\"https:\/\/rudolphdobrasil.com.br\/?s={search_term_string}\"},\"query-input\":{\"@type\":\"PropertyValueSpecification\",\"valueRequired\":true,\"valueName\":\"search_term_string\"}}],\"inLanguage\":\"es\"},{\"@type\":\"Organization\",\"@id\":\"https:\/\/rudolphdobrasil.com.br\/#organization\",\"name\":\"Rudolph Foods do Brasil\",\"url\":\"https:\/\/rudolphdobrasil.com.br\/\",\"logo\":{\"@type\":\"ImageObject\",\"inLanguage\":\"es\",\"@id\":\"https:\/\/rudolphdobrasil.com.br\/#\/schema\/logo\/image\/\",\"url\":\"https:\/\/rudolphdobrasil.com.br\/wp-content\/uploads\/2016\/09\/logo-rudolph-foods-footer.png\",\"contentUrl\":\"https:\/\/rudolphdobrasil.com.br\/wp-content\/uploads\/2016\/09\/logo-rudolph-foods-footer.png\",\"width\":400,\"height\":250,\"caption\":\"Rudolph Foods do Brasil\"},\"image\":{\"@id\":\"https:\/\/rudolphdobrasil.com.br\/#\/schema\/logo\/image\/\"}}]}<\/script>\n<!-- \/ Yoast SEO plugin. -->","yoast_head_json":{"title":"Qui\u00e9nes somos &#8212; Rudolph Foods","robots":{"index":"index","follow":"follow","max-snippet":"max-snippet:-1","max-image-preview":"max-image-preview:large","max-video-preview":"max-video-preview:-1"},"canonical":"https:\/\/rudolphdobrasil.com.br\/es\/quienes-somos\/","og_locale":"es_ES","og_type":"article","og_title":"Qui\u00e9nes somos &#8212; Rudolph Foods","og_description":"[vc_row fullwidth=\u00bbtrue\u00bb fullwidth_content=\u00bbfalse\u00bb css=\u00bb.vc_custom_1626926836216{padding-left: 40px !important;background-image: url(https:\/\/rudolphdobrasil.com.br\/wp-content\/uploads\/2021\/07\/quemsomos_02.jpg?id=14733) !important;background-position: center !important;background-repeat: no-repeat !important;background-size: cover !important;}\u00bb][vc_column][mk_padding_divider size=\u00bb80&#8243;][vc_column_text css=\u00bb.vc_custom_1633028874978{margin-bottom: 0px !important;}\u00bb] QUI\u00c9NES SOMOS \u00a1M\u00e1s de sesenta a\u00f1os de experiencia en la elaboraci\u00f3n de chicharrones! [\/vc_column_text][mk_padding_divider size=\u00bb80&#8243;][\/vc_column][\/vc_row][vc_row css=\u00bb.vc_custom_1626999305911{padding-top: 40px !important;}\u00bb][vc_column width=\u00bb1\/2&#8243; css=\u00bb.vc_custom_1465334405150{padding-right: 40px !important;}\u00bb][vc_empty_space height=\u00bb80px\u00bb el_class=\u00bbdivider-40-on-small divider-0-on-xsmall\u00bb][vc_column_text css=\u00bb.vc_custom_1629245155541{margin-bottom: 0px !important;}\u00bb] Por m\u00e1s de 60 a\u00f1os El compromiso de Rudolph [&hellip;]","og_url":"https:\/\/rudolphdobrasil.com.br\/es\/quienes-somos\/","og_site_name":"Rudolph Foods","article_modified_time":"2021-10-19T18:25:31+00:00","twitter_card":"summary_large_image","twitter_misc":{"Tiempo de lectura":"2 minutos"},"schema":{"@context":"https:\/\/schema.org","@graph":[{"@type":"WebPage","@id":"https:\/\/rudolphdobrasil.com.br\/es\/quienes-somos\/","url":"https:\/\/rudolphdobrasil.com.br\/es\/quienes-somos\/","name":"Qui\u00e9nes somos &#8212; Rudolph Foods","isPartOf":{"@id":"https:\/\/rudolphdobrasil.com.br\/#website"},"datePublished":"2016-04-06T20:52:05+00:00","dateModified":"2021-10-19T18:25:31+00:00","breadcrumb":{"@id":"https:\/\/rudolphdobrasil.com.br\/es\/quienes-somos\/#breadcrumb"},"inLanguage":"es","potentialAction":[{"@type":"ReadAction","target":["https:\/\/rudolphdobrasil.com.br\/es\/quienes-somos\/"]}]},{"@type":"BreadcrumbList","@id":"https:\/\/rudolphdobrasil.com.br\/es\/quienes-somos\/#breadcrumb","itemListElement":[{"@type":"ListItem","position":1,"name":"In\u00edcio","item":"https:\/\/rudolphdobrasil.com.br\/es\/?page_id=17273"},{"@type":"ListItem","position":2,"name":"Qui\u00e9nes somos"}]},{"@type":"WebSite","@id":"https:\/\/rudolphdobrasil.com.br\/#website","url":"https:\/\/rudolphdobrasil.com.br\/","name":"Rudolph Foods","description":"Pellets para Pururuca &amp; Torresmo","publisher":{"@id":"https:\/\/rudolphdobrasil.com.br\/#organization"},"potentialAction":[{"@type":"SearchAction","target":{"@type":"EntryPoint","urlTemplate":"https:\/\/rudolphdobrasil.com.br\/?s={search_term_string}"},"query-input":{"@type":"PropertyValueSpecification","valueRequired":true,"valueName":"search_term_string"}}],"inLanguage":"es"},{"@type":"Organization","@id":"https:\/\/rudolphdobrasil.com.br\/#organization","name":"Rudolph Foods do Brasil","url":"https:\/\/rudolphdobrasil.com.br\/","logo":{"@type":"ImageObject","inLanguage":"es","@id":"https:\/\/rudolphdobrasil.com.br\/#\/schema\/logo\/image\/","url":"https:\/\/rudolphdobrasil.com.br\/wp-content\/uploads\/2016\/09\/logo-rudolph-foods-footer.png","contentUrl":"https:\/\/rudolphdobrasil.com.br\/wp-content\/uploads\/2016\/09\/logo-rudolph-foods-footer.png","width":400,"height":250,"caption":"Rudolph Foods do Brasil"},"image":{"@id":"https:\/\/rudolphdobrasil.com.br\/#\/schema\/logo\/image\/"}}]}},"_links":{"self":[{"href":"https:\/\/rudolphdobrasil.com.br\/es\/wp-json\/wp\/v2\/pages\/8589","targetHints":{"allow":["GET"]}}],"collection":[{"href":"https:\/\/rudolphdobrasil.com.br\/es\/wp-json\/wp\/v2\/pages"}],"about":[{"href":"https:\/\/rudolphdobrasil.com.br\/es\/wp-json\/wp\/v2\/types\/page"}],"author":[{"embeddable":true,"href":"https:\/\/rudolphdobrasil.com.br\/es\/wp-json\/wp\/v2\/users\/2"}],"replies":[{"embeddable":true,"href":"https:\/\/rudolphdobrasil.com.br\/es\/wp-json\/wp\/v2\/comments?post=8589"}],"version-history":[{"count":15,"href":"https:\/\/rudolphdobrasil.com.br\/es\/wp-json\/wp\/v2\/pages\/8589\/revisions"}],"predecessor-version":[{"id":14944,"href":"https:\/\/rudolphdobrasil.com.br\/es\/wp-json\/wp\/v2\/pages\/8589\/revisions\/14944"}],"wp:attachment":[{"href":"https:\/\/rudolphdobrasil.com.br\/es\/wp-json\/wp\/v2\/media?parent=8589"}],"curies":[{"name":"wp","href":"https:\/\/api.w.org\/{rel}","templated":true}]}}