{"id":8594,"date":"2016-04-06T20:53:18","date_gmt":"2016-04-06T20:53:18","guid":{"rendered":"https:\/\/rudolphdobrasil.com.br\/es\/?page_id=8594"},"modified":"2021-08-17T21:31:53","modified_gmt":"2021-08-18T00:31:53","slug":"contacto","status":"publish","type":"page","link":"https:\/\/rudolphdobrasil.com.br\/es\/contacto\/","title":{"rendered":"Contato"},"content":{"rendered":"[vc_row fullwidth=\u00bbtrue\u00bb fullwidth_content=\u00bbfalse\u00bb css=\u00bb.vc_custom_1626981472596{padding-left: 40px !important;background-image: url(https:\/\/rudolphdobrasil.com.br\/wp-content\/uploads\/2021\/07\/contato_02.jpg?id=14767) !important;background-position: center !important;background-repeat: no-repeat !important;background-size: cover !important;}\u00bb][vc_column][mk_padding_divider size=\u00bb80&#8243;][vc_column_text css=\u00bb.vc_custom_1629246684807{margin-bottom: 0px !important;}\u00bb]\n<h1><span style=\"color: #ffffff;\">Contacto<\/span><\/h1>\n<h5><span style=\"color: #ffffff;\">\u00a1Estamos listos para servirte!<\/span><\/h5>\n[\/vc_column_text][mk_padding_divider size=\u00bb80&#8243;][\/vc_column][\/vc_row][vc_row][vc_column][mk_padding_divider][vc_row_inner][vc_column_inner width=\u00bb1\/3&#8243; css=\u00bb.vc_custom_1626999589553{margin-bottom: 60px !important;}\u00bb][vc_icon type=\u00bbentypo\u00bb icon_entypo=\u00bbentypo-icon entypo-icon-phone\u00bb color=\u00bbcustom\u00bb background_style=\u00bbrounded\u00bb background_color=\u00bbjuicy_pink\u00bb size=\u00bbxl\u00bb align=\u00bbcenter\u00bb custom_color=\u00bb#ffffff\u00bb el_class=\u00bbcontato-icone\u00bb][vc_column_text css=\u00bb.vc_custom_1626981733451{margin-bottom: 0px !important;}\u00bb]\n<h4 style=\"text-align: center;\"><span style=\"color: #333333;\">(49) 3330-0315<\/span><br \/>\n<span style=\"color: #333333;\">(49) 3330-0300<\/span><\/h4>\n[\/vc_column_text][\/vc_column_inner][vc_column_inner el_class=\u00bbno-padding-on-small\u00bb width=\u00bb1\/3&#8243; css=\u00bb.vc_custom_1626999596897{margin-bottom: 60px !important;}\u00bb][vc_icon type=\u00bbentypo\u00bb icon_entypo=\u00bbentypo-icon entypo-icon-location\u00bb color=\u00bbcustom\u00bb background_style=\u00bbrounded\u00bb background_color=\u00bbjuicy_pink\u00bb size=\u00bbxl\u00bb align=\u00bbcenter\u00bb custom_color=\u00bb#ffffff\u00bb el_class=\u00bbcontato-icone\u00bb][vc_column_text css=\u00bb.vc_custom_1626981747229{margin-bottom: 0px !important;}\u00bb]\n<h5 style=\"text-align: center; text-transform: none !important; color: #ffffff;\"><span style=\"color: #333333;\">Rua Fiorelo Badalotti 451-D<\/span><\/h5>\n<h5 style=\"text-align: center; text-transform: none !important; color: #ffffff;\"><span style=\"color: #333333;\">Quedas do Palmital &#8211; Distrito Industrial<\/span><\/h5>\n<h5 style=\"text-align: center; text-transform: none !important; color: #ffffff;\"><span style=\"color: #333333;\">CEP 89.813-820 &#8211; Chapec\u00f3 &#8211; SC &#8211; Brasil<\/span><\/h5>\n[\/vc_column_text][\/vc_column_inner][vc_column_inner width=\u00bb1\/3&#8243; css=\u00bb.vc_custom_1626999604232{margin-bottom: 60px !important;}\u00bb][vc_icon type=\u00bbentypo\u00bb icon_entypo=\u00bbentypo-icon entypo-icon-mail\u00bb color=\u00bbcustom\u00bb background_style=\u00bbrounded\u00bb background_color=\u00bbjuicy_pink\u00bb size=\u00bbxl\u00bb align=\u00bbcenter\u00bb custom_color=\u00bb#ffffff\u00bb el_class=\u00bbcontato-icone\u00bb][vc_column_text css=\u00bb.vc_custom_1626981758850{margin-bottom: 0px !important;}\u00bb]\n<h4 style=\"text-align: center; text-transform: none !important;\"><a href=\"mailto:rf******@ru**********.com\" data-original-string=\"1g\/Ss5RKc5db23TA\/KaKag==d41HoZlEgveReaytIGyM90ZzOtWb30EU8k8MwuhLr5lB5Q=\" title=\"This contact has been encoded by Anti-Spam by CleanTalk. Click to decode. To finish the decoding make sure that JavaScript is enabled in your browser.\"><span style=\"color: #ffffff;\"><span style=\"color: #333333;\"><span \n                data-original-string=\"dB6QLZ7p8XoiATFV5yghqA==d41O+Ezq083sjvGaF\/Ancd6r9aOh6fsEeWKccTBiCSl8Tk=\"\n                class=\"apbct-email-encoder\"\n                title=\"This contact has been encoded by Anti-Spam by CleanTalk. Click to decode. To finish the decoding make sure that JavaScript is enabled in your browser.\"><br \/>\n        <span class='apbct-ee-blur-group'><br \/>\n            <span class='apbct-ee-blur_email-text'>rf******@ru**********.com<\/span><br \/>\n            <span class='apbct-ee-static-blur'><br \/>\n                <span class='apbct-ee-blur apbct-ee-blur_rectangle-init'><\/span><br \/>\n                <span class='apbct-ee-blur apbct-ee-blur_rectangle-soft'><\/span><br \/>\n                <span class='apbct-ee-blur apbct-ee-blur_rectangle-hard'><\/span><br \/>\n            <\/span><br \/>\n            <span class='apbct-ee-animate-blur'><br \/>\n                <span class='apbct-ee-blur apbct-ee-blur_rectangle-init apbct-ee-blur_animate-init'><\/span><br \/>\n                <span class='apbct-ee-blur apbct-ee-blur_rectangle-soft apbct-ee-blur_animate-soft'><\/span><br \/>\n                <span class='apbct-ee-blur apbct-ee-blur_rectangle-hard apbct-ee-blur_animate-hard'><\/span><br \/>\n            <\/span><br \/>\n        <\/span><br \/>\n<\/span><\/span><\/span><\/a><\/h4>\n[\/vc_column_text][\/vc_column_inner][\/vc_row_inner][\/vc_column][\/vc_row][vc_row fullwidth=\u00bbtrue\u00bb fullwidth_content=\u00bbfalse\u00bb][vc_column][vc_row_inner][vc_column_inner offset=\u00bbvc_col-lg-offset-3 vc_col-lg-6 vc_col-md-offset-3 vc_col-md-6&#8243;][vc_empty_space height=\u00bb40px\u00bb][vc_column_text css=\u00bb.vc_custom_1629246712981{margin-bottom: 0px !important;}\u00bb]\n<h3 style=\"text-align: center;\"><span style=\"color: #284c96;\"><b>Hable con nosotros<\/b><\/span><\/h3>\n[\/vc_column_text][mk_padding_divider size=\u00bb20&#8243;][vc_empty_space height=\u00bb60px\u00bb][vc_empty_space height=\u00bb60px\u00bb][\/vc_column_inner][\/vc_row_inner][\/vc_column][\/vc_row][vc_row fullwidth=\u00bbtrue\u00bb][vc_column][vc_column_text css=\u00bb.vc_custom_1626981937904{margin-bottom: 0px !important;}\u00bb]\n<h3 style=\"text-align: center;\"><span style=\"color: #e42313;\">Localiza\u00e7\u00e3o<\/span><\/h3>\n[\/vc_column_text][vc_empty_space height=\u00bb20px\u00bb][mk_advanced_gmaps latitude=\u00bb-27.1579052&#8243; longitude=\u00bb-52.6073567&#8243; address=\u00bbR. Fiorelo Badalotti, 451DBairro Quedas do Palmital &#8211; Distrito IndustrialCEP 89.813-820 &#8211; Chapec\u00f3 &#8211; SC &#8211; Brasil\u00bb pin_icon=\u00bbhttps:\/\/rudolphdobrasil.com.br\/wp-content\/uploads\/2016\/04\/icone-localizacao.png\u00bb content_bg_color=\u00bb#ffffff\u00bb content_font_color=\u00bb#ffffff\u00bb height=\u00bb500&#8243; zoom=\u00bb12&#8243;][\/vc_column][\/vc_row][mk_page_section sidebar=\u00bbsidebar-1&#8243;][vc_column][vc_empty_space height=\u00bb40px\u00bb][vc_column_text css=\u00bb.vc_custom_1626982038226{margin-bottom: 0px !important;}\u00bb]\n<h3><span style=\"color: #e42313;\">Canal de \u00c9tica Rudolph<\/span><\/h3>\n[\/vc_column_text][vc_row_inner][vc_column_inner width=\u00bb7\/12&#8243; css=\u00bb.vc_custom_1471011969224{margin-left: 0px !important;padding-left: 0px !important;}\u00bb][vc_column_text css=\u00bb.vc_custom_1626982007206{margin-bottom: 0px !important;}\u00bb]<span style=\"color: #333333;\">A Rudolph Foods do Brasil est\u00e1 comprometida com os mais altos padr\u00f5es de qualidade, transpar\u00eancia, conduta e comportamento \u00e9tico. Contribua conosco comunicando poss\u00edveis viola\u00e7\u00f5es de nosso C\u00f3digo de \u00c9tica e Conduta.<\/span>[\/vc_column_text][\/vc_column_inner][vc_column_inner width=\u00bb5\/12&#8243;][mk_button dimension=\u00bboutline\u00bb corner_style=\u00bbrounded\u00bb size=\u00bblarge\u00bb url=\u00bbhttps:\/\/rudolphdobrasil.com.br\/canal-de-etica-rudolph\/\u00bb align=\u00bbcenter\u00bb]DENUNCIE[\/mk_button][\/vc_column_inner][\/vc_row_inner][vc_empty_space height=\u00bb40px\u00bb][\/vc_column][\/mk_page_section][mk_page_section has_bottom_shape_divider=\u00bbtrue\u00bb bottom_shape_style=\u00bbcurve-bottom\u00bb bottom_shape_color=\u00bb#004a9a\u00bb sidebar=\u00bbsidebar-1&#8243;][vc_column][\/vc_column][\/mk_page_section]\n","protected":false},"excerpt":{"rendered":"<p>[vc_row fullwidth=\u00bbtrue\u00bb fullwidth_content=\u00bbfalse\u00bb css=\u00bb.vc_custom_1626981472596{padding-left: 40px !important;background-image: url(https:\/\/rudolphdobrasil.com.br\/wp-content\/uploads\/2021\/07\/contato_02.jpg?id=14767) !important;background-position: center !important;background-repeat: no-repeat !important;background-size: cover !important;}\u00bb][vc_column][mk_padding_divider size=\u00bb80&#8243;][vc_column_text css=\u00bb.vc_custom_1629246684807{margin-bottom: 0px !important;}\u00bb] Contacto \u00a1Estamos listos para servirte! [\/vc_column_text][mk_padding_divider size=\u00bb80&#8243;][\/vc_column][\/vc_row][vc_row][vc_column][mk_padding_divider][vc_row_inner][vc_column_inner width=\u00bb1\/3&#8243; css=\u00bb.vc_custom_1626999589553{margin-bottom: 60px !important;}\u00bb][vc_icon type=\u00bbentypo\u00bb icon_entypo=\u00bbentypo-icon entypo-icon-phone\u00bb color=\u00bbcustom\u00bb background_style=\u00bbrounded\u00bb background_color=\u00bbjuicy_pink\u00bb size=\u00bbxl\u00bb align=\u00bbcenter\u00bb custom_color=\u00bb#ffffff\u00bb el_class=\u00bbcontato-icone\u00bb][vc_column_text css=\u00bb.vc_custom_1626981733451{margin-bottom: 0px !important;}\u00bb] (49) 3330-0315 (49) 3330-0300 [\/vc_column_text][\/vc_column_inner][vc_column_inner el_class=\u00bbno-padding-on-small\u00bb width=\u00bb1\/3&#8243; css=\u00bb.vc_custom_1626999596897{margin-bottom: 60px !important;}\u00bb][vc_icon type=\u00bbentypo\u00bb icon_entypo=\u00bbentypo-icon entypo-icon-location\u00bb [&hellip;]<\/p>\n","protected":false},"author":2,"featured_media":0,"parent":0,"menu_order":7,"comment_status":"closed","ping_status":"closed","template":"","meta":{"_monsterinsights_skip_tracking":false,"_monsterinsights_sitenote_active":false,"_monsterinsights_sitenote_note":"","_monsterinsights_sitenote_category":0,"footnotes":""},"class_list":["post-8594","page","type-page","status-publish","hentry"],"yoast_head":"<!-- This site is optimized with the Yoast SEO plugin v26.9 - https:\/\/yoast.com\/product\/yoast-seo-wordpress\/ -->\n<title>Contato &#8212; Rudolph Foods<\/title>\n<meta name=\"robots\" content=\"index, follow, max-snippet:-1, max-image-preview:large, max-video-preview:-1\" \/>\n<link rel=\"canonical\" href=\"https:\/\/rudolphdobrasil.com.br\/es\/contacto\/\" \/>\n<meta property=\"og:locale\" content=\"es_ES\" \/>\n<meta property=\"og:type\" content=\"article\" \/>\n<meta property=\"og:title\" content=\"Contato &#8212; Rudolph Foods\" \/>\n<meta property=\"og:description\" content=\"[vc_row fullwidth=\u00bbtrue\u00bb fullwidth_content=\u00bbfalse\u00bb css=\u00bb.vc_custom_1626981472596{padding-left: 40px !important;background-image: url(https:\/\/rudolphdobrasil.com.br\/wp-content\/uploads\/2021\/07\/contato_02.jpg?id=14767) !important;background-position: center !important;background-repeat: no-repeat !important;background-size: cover !important;}\u00bb][vc_column][mk_padding_divider size=\u00bb80&#8243;][vc_column_text css=\u00bb.vc_custom_1629246684807{margin-bottom: 0px !important;}\u00bb] Contacto \u00a1Estamos listos para servirte! [\/vc_column_text][mk_padding_divider size=\u00bb80&#8243;][\/vc_column][\/vc_row][vc_row][vc_column][mk_padding_divider][vc_row_inner][vc_column_inner width=\u00bb1\/3&#8243; css=\u00bb.vc_custom_1626999589553{margin-bottom: 60px !important;}\u00bb][vc_icon type=\u00bbentypo\u00bb icon_entypo=\u00bbentypo-icon entypo-icon-phone\u00bb color=\u00bbcustom\u00bb background_style=\u00bbrounded\u00bb background_color=\u00bbjuicy_pink\u00bb size=\u00bbxl\u00bb align=\u00bbcenter\u00bb custom_color=\u00bb#ffffff\u00bb el_class=\u00bbcontato-icone\u00bb][vc_column_text css=\u00bb.vc_custom_1626981733451{margin-bottom: 0px !important;}\u00bb] (49) 3330-0315 (49) 3330-0300 [\/vc_column_text][\/vc_column_inner][vc_column_inner el_class=\u00bbno-padding-on-small\u00bb width=\u00bb1\/3&#8243; css=\u00bb.vc_custom_1626999596897{margin-bottom: 60px !important;}\u00bb][vc_icon type=\u00bbentypo\u00bb icon_entypo=\u00bbentypo-icon entypo-icon-location\u00bb [&hellip;]\" \/>\n<meta property=\"og:url\" content=\"https:\/\/rudolphdobrasil.com.br\/es\/contacto\/\" \/>\n<meta property=\"og:site_name\" content=\"Rudolph Foods\" \/>\n<meta property=\"article:modified_time\" content=\"2021-08-18T00:31:53+00:00\" \/>\n<meta name=\"twitter:card\" content=\"summary_large_image\" \/>\n<meta name=\"twitter:label1\" content=\"Tiempo de lectura\" \/>\n\t<meta name=\"twitter:data1\" content=\"3 minutos\" \/>\n<script type=\"application\/ld+json\" class=\"yoast-schema-graph\">{\"@context\":\"https:\/\/schema.org\",\"@graph\":[{\"@type\":\"WebPage\",\"@id\":\"https:\/\/rudolphdobrasil.com.br\/es\/contacto\/\",\"url\":\"https:\/\/rudolphdobrasil.com.br\/es\/contacto\/\",\"name\":\"Contato &#8212; Rudolph Foods\",\"isPartOf\":{\"@id\":\"https:\/\/rudolphdobrasil.com.br\/#website\"},\"datePublished\":\"2016-04-06T20:53:18+00:00\",\"dateModified\":\"2021-08-18T00:31:53+00:00\",\"breadcrumb\":{\"@id\":\"https:\/\/rudolphdobrasil.com.br\/es\/contacto\/#breadcrumb\"},\"inLanguage\":\"es\",\"potentialAction\":[{\"@type\":\"ReadAction\",\"target\":[\"https:\/\/rudolphdobrasil.com.br\/es\/contacto\/\"]}]},{\"@type\":\"BreadcrumbList\",\"@id\":\"https:\/\/rudolphdobrasil.com.br\/es\/contacto\/#breadcrumb\",\"itemListElement\":[{\"@type\":\"ListItem\",\"position\":1,\"name\":\"In\u00edcio\",\"item\":\"https:\/\/rudolphdobrasil.com.br\/es\/?page_id=17273\"},{\"@type\":\"ListItem\",\"position\":2,\"name\":\"Contato\"}]},{\"@type\":\"WebSite\",\"@id\":\"https:\/\/rudolphdobrasil.com.br\/#website\",\"url\":\"https:\/\/rudolphdobrasil.com.br\/\",\"name\":\"Rudolph Foods\",\"description\":\"Pellets para Pururuca &amp; Torresmo\",\"publisher\":{\"@id\":\"https:\/\/rudolphdobrasil.com.br\/#organization\"},\"potentialAction\":[{\"@type\":\"SearchAction\",\"target\":{\"@type\":\"EntryPoint\",\"urlTemplate\":\"https:\/\/rudolphdobrasil.com.br\/?s={search_term_string}\"},\"query-input\":{\"@type\":\"PropertyValueSpecification\",\"valueRequired\":true,\"valueName\":\"search_term_string\"}}],\"inLanguage\":\"es\"},{\"@type\":\"Organization\",\"@id\":\"https:\/\/rudolphdobrasil.com.br\/#organization\",\"name\":\"Rudolph Foods do Brasil\",\"url\":\"https:\/\/rudolphdobrasil.com.br\/\",\"logo\":{\"@type\":\"ImageObject\",\"inLanguage\":\"es\",\"@id\":\"https:\/\/rudolphdobrasil.com.br\/#\/schema\/logo\/image\/\",\"url\":\"https:\/\/rudolphdobrasil.com.br\/wp-content\/uploads\/2016\/09\/logo-rudolph-foods-footer.png\",\"contentUrl\":\"https:\/\/rudolphdobrasil.com.br\/wp-content\/uploads\/2016\/09\/logo-rudolph-foods-footer.png\",\"width\":400,\"height\":250,\"caption\":\"Rudolph Foods do Brasil\"},\"image\":{\"@id\":\"https:\/\/rudolphdobrasil.com.br\/#\/schema\/logo\/image\/\"}}]}<\/script>\n<!-- \/ Yoast SEO plugin. -->","yoast_head_json":{"title":"Contato &#8212; Rudolph Foods","robots":{"index":"index","follow":"follow","max-snippet":"max-snippet:-1","max-image-preview":"max-image-preview:large","max-video-preview":"max-video-preview:-1"},"canonical":"https:\/\/rudolphdobrasil.com.br\/es\/contacto\/","og_locale":"es_ES","og_type":"article","og_title":"Contato &#8212; Rudolph Foods","og_description":"[vc_row fullwidth=\u00bbtrue\u00bb fullwidth_content=\u00bbfalse\u00bb css=\u00bb.vc_custom_1626981472596{padding-left: 40px !important;background-image: url(https:\/\/rudolphdobrasil.com.br\/wp-content\/uploads\/2021\/07\/contato_02.jpg?id=14767) !important;background-position: center !important;background-repeat: no-repeat !important;background-size: cover !important;}\u00bb][vc_column][mk_padding_divider size=\u00bb80&#8243;][vc_column_text css=\u00bb.vc_custom_1629246684807{margin-bottom: 0px !important;}\u00bb] Contacto \u00a1Estamos listos para servirte! [\/vc_column_text][mk_padding_divider size=\u00bb80&#8243;][\/vc_column][\/vc_row][vc_row][vc_column][mk_padding_divider][vc_row_inner][vc_column_inner width=\u00bb1\/3&#8243; css=\u00bb.vc_custom_1626999589553{margin-bottom: 60px !important;}\u00bb][vc_icon type=\u00bbentypo\u00bb icon_entypo=\u00bbentypo-icon entypo-icon-phone\u00bb color=\u00bbcustom\u00bb background_style=\u00bbrounded\u00bb background_color=\u00bbjuicy_pink\u00bb size=\u00bbxl\u00bb align=\u00bbcenter\u00bb custom_color=\u00bb#ffffff\u00bb el_class=\u00bbcontato-icone\u00bb][vc_column_text css=\u00bb.vc_custom_1626981733451{margin-bottom: 0px !important;}\u00bb] (49) 3330-0315 (49) 3330-0300 [\/vc_column_text][\/vc_column_inner][vc_column_inner el_class=\u00bbno-padding-on-small\u00bb width=\u00bb1\/3&#8243; css=\u00bb.vc_custom_1626999596897{margin-bottom: 60px !important;}\u00bb][vc_icon type=\u00bbentypo\u00bb icon_entypo=\u00bbentypo-icon entypo-icon-location\u00bb [&hellip;]","og_url":"https:\/\/rudolphdobrasil.com.br\/es\/contacto\/","og_site_name":"Rudolph Foods","article_modified_time":"2021-08-18T00:31:53+00:00","twitter_card":"summary_large_image","twitter_misc":{"Tiempo de lectura":"3 minutos"},"schema":{"@context":"https:\/\/schema.org","@graph":[{"@type":"WebPage","@id":"https:\/\/rudolphdobrasil.com.br\/es\/contacto\/","url":"https:\/\/rudolphdobrasil.com.br\/es\/contacto\/","name":"Contato &#8212; Rudolph Foods","isPartOf":{"@id":"https:\/\/rudolphdobrasil.com.br\/#website"},"datePublished":"2016-04-06T20:53:18+00:00","dateModified":"2021-08-18T00:31:53+00:00","breadcrumb":{"@id":"https:\/\/rudolphdobrasil.com.br\/es\/contacto\/#breadcrumb"},"inLanguage":"es","potentialAction":[{"@type":"ReadAction","target":["https:\/\/rudolphdobrasil.com.br\/es\/contacto\/"]}]},{"@type":"BreadcrumbList","@id":"https:\/\/rudolphdobrasil.com.br\/es\/contacto\/#breadcrumb","itemListElement":[{"@type":"ListItem","position":1,"name":"In\u00edcio","item":"https:\/\/rudolphdobrasil.com.br\/es\/?page_id=17273"},{"@type":"ListItem","position":2,"name":"Contato"}]},{"@type":"WebSite","@id":"https:\/\/rudolphdobrasil.com.br\/#website","url":"https:\/\/rudolphdobrasil.com.br\/","name":"Rudolph Foods","description":"Pellets para Pururuca &amp; Torresmo","publisher":{"@id":"https:\/\/rudolphdobrasil.com.br\/#organization"},"potentialAction":[{"@type":"SearchAction","target":{"@type":"EntryPoint","urlTemplate":"https:\/\/rudolphdobrasil.com.br\/?s={search_term_string}"},"query-input":{"@type":"PropertyValueSpecification","valueRequired":true,"valueName":"search_term_string"}}],"inLanguage":"es"},{"@type":"Organization","@id":"https:\/\/rudolphdobrasil.com.br\/#organization","name":"Rudolph Foods do Brasil","url":"https:\/\/rudolphdobrasil.com.br\/","logo":{"@type":"ImageObject","inLanguage":"es","@id":"https:\/\/rudolphdobrasil.com.br\/#\/schema\/logo\/image\/","url":"https:\/\/rudolphdobrasil.com.br\/wp-content\/uploads\/2016\/09\/logo-rudolph-foods-footer.png","contentUrl":"https:\/\/rudolphdobrasil.com.br\/wp-content\/uploads\/2016\/09\/logo-rudolph-foods-footer.png","width":400,"height":250,"caption":"Rudolph Foods do Brasil"},"image":{"@id":"https:\/\/rudolphdobrasil.com.br\/#\/schema\/logo\/image\/"}}]}},"_links":{"self":[{"href":"https:\/\/rudolphdobrasil.com.br\/es\/wp-json\/wp\/v2\/pages\/8594","targetHints":{"allow":["GET"]}}],"collection":[{"href":"https:\/\/rudolphdobrasil.com.br\/es\/wp-json\/wp\/v2\/pages"}],"about":[{"href":"https:\/\/rudolphdobrasil.com.br\/es\/wp-json\/wp\/v2\/types\/page"}],"author":[{"embeddable":true,"href":"https:\/\/rudolphdobrasil.com.br\/es\/wp-json\/wp\/v2\/users\/2"}],"replies":[{"embeddable":true,"href":"https:\/\/rudolphdobrasil.com.br\/es\/wp-json\/wp\/v2\/comments?post=8594"}],"version-history":[{"count":7,"href":"https:\/\/rudolphdobrasil.com.br\/es\/wp-json\/wp\/v2\/pages\/8594\/revisions"}],"predecessor-version":[{"id":14921,"href":"https:\/\/rudolphdobrasil.com.br\/es\/wp-json\/wp\/v2\/pages\/8594\/revisions\/14921"}],"wp:attachment":[{"href":"https:\/\/rudolphdobrasil.com.br\/es\/wp-json\/wp\/v2\/media?parent=8594"}],"curies":[{"name":"wp","href":"https:\/\/api.w.org\/{rel}","templated":true}]}}