{"id":8752,"date":"2017-06-01T17:46:36","date_gmt":"2017-06-01T20:46:36","guid":{"rendered":"https:\/\/rudolphdobrasil.com.br\/?post_type=product&#038;p=8752"},"modified":"2020-08-28T13:47:19","modified_gmt":"2020-08-28T16:47:19","slug":"pellet-para-pururuca-media-11120","status":"publish","type":"product","link":"https:\/\/rudolphdobrasil.com.br\/es\/produto\/pellet-para-pururuca-media-11120\/","title":{"rendered":"Pellet para Pururuca M\u00e9dia &#8211; 11120"},"content":{"rendered":"","protected":false},"excerpt":{"rendered":"<p>Pellet para Pururuca Desidratada e Pr\u00e9-Pronta de Alta Expans\u00e3o, Sabor Mais Suave, Cor Mais Clara e Muito Saborosa.<\/p>\n","protected":false},"featured_media":8755,"comment_status":"closed","ping_status":"closed","template":"","meta":{"_monsterinsights_skip_tracking":false,"_monsterinsights_sitenote_active":false,"_monsterinsights_sitenote_note":"","_monsterinsights_sitenote_category":0},"product_brand":[],"product_cat":[53],"product_tag":[],"class_list":{"0":"post-8752","1":"product","2":"type-product","3":"status-publish","4":"has-post-thumbnail","6":"product_cat-pururuca","8":"first","9":"instock","10":"shipping-taxable","11":"purchasable","12":"product-type-variable","13":"has-default-attributes"},"yoast_head":"<!-- This site is optimized with the Yoast SEO plugin v26.9 - https:\/\/yoast.com\/product\/yoast-seo-wordpress\/ -->\n<title>Pellet para Pururuca M\u00e9dia - 11120 &#8212; Rudolph Foods<\/title>\n<meta name=\"robots\" content=\"index, follow, max-snippet:-1, max-image-preview:large, max-video-preview:-1\" \/>\n<link rel=\"canonical\" href=\"https:\/\/rudolphdobrasil.com.br\/produto\/pellet-para-pururuca-media-11120\/\" \/>\n<meta property=\"og:locale\" content=\"es_ES\" \/>\n<meta property=\"og:type\" content=\"article\" \/>\n<meta property=\"og:title\" content=\"Pellet para Pururuca M\u00e9dia - 11120 &#8212; Rudolph Foods\" \/>\n<meta property=\"og:description\" content=\"Pellet para Pururuca Desidratada e Pr\u00e9-Pronta de Alta Expans\u00e3o, Sabor Mais Suave, Cor Mais Clara e Muito Saborosa.\" \/>\n<meta property=\"og:url\" content=\"https:\/\/rudolphdobrasil.com.br\/produto\/pellet-para-pururuca-media-11120\/\" \/>\n<meta property=\"og:site_name\" content=\"Rudolph Foods\" \/>\n<meta property=\"article:modified_time\" content=\"2020-08-28T16:47:19+00:00\" \/>\n<meta property=\"og:image\" content=\"https:\/\/rudolphdobrasil.com.br\/wp-content\/uploads\/2017\/06\/pururuca-media-11120.jpg\" \/>\n\t<meta property=\"og:image:width\" content=\"500\" \/>\n\t<meta property=\"og:image:height\" content=\"500\" \/>\n\t<meta property=\"og:image:type\" content=\"image\/jpeg\" \/>\n<meta name=\"twitter:card\" content=\"summary_large_image\" \/>\n<script type=\"application\/ld+json\" class=\"yoast-schema-graph\">{\"@context\":\"https:\/\/schema.org\",\"@graph\":[{\"@type\":\"WebPage\",\"@id\":\"https:\/\/rudolphdobrasil.com.br\/produto\/pellet-para-pururuca-media-11120\/\",\"url\":\"https:\/\/rudolphdobrasil.com.br\/produto\/pellet-para-pururuca-media-11120\/\",\"name\":\"Pellet para Pururuca M\u00e9dia - 11120 &#8212; Rudolph Foods\",\"isPartOf\":{\"@id\":\"https:\/\/rudolphdobrasil.com.br\/#website\"},\"primaryImageOfPage\":{\"@id\":\"https:\/\/rudolphdobrasil.com.br\/produto\/pellet-para-pururuca-media-11120\/#primaryimage\"},\"image\":{\"@id\":\"https:\/\/rudolphdobrasil.com.br\/produto\/pellet-para-pururuca-media-11120\/#primaryimage\"},\"thumbnailUrl\":\"https:\/\/rudolphdobrasil.com.br\/wp-content\/uploads\/2017\/06\/pururuca-media-11120.jpg\",\"datePublished\":\"2017-06-01T20:46:36+00:00\",\"dateModified\":\"2020-08-28T16:47:19+00:00\",\"breadcrumb\":{\"@id\":\"https:\/\/rudolphdobrasil.com.br\/produto\/pellet-para-pururuca-media-11120\/#breadcrumb\"},\"inLanguage\":\"es\",\"potentialAction\":[{\"@type\":\"ReadAction\",\"target\":[\"https:\/\/rudolphdobrasil.com.br\/produto\/pellet-para-pururuca-media-11120\/\"]}]},{\"@type\":\"ImageObject\",\"inLanguage\":\"es\",\"@id\":\"https:\/\/rudolphdobrasil.com.br\/produto\/pellet-para-pururuca-media-11120\/#primaryimage\",\"url\":\"https:\/\/rudolphdobrasil.com.br\/wp-content\/uploads\/2017\/06\/pururuca-media-11120.jpg\",\"contentUrl\":\"https:\/\/rudolphdobrasil.com.br\/wp-content\/uploads\/2017\/06\/pururuca-media-11120.jpg\",\"width\":500,\"height\":500},{\"@type\":\"BreadcrumbList\",\"@id\":\"https:\/\/rudolphdobrasil.com.br\/produto\/pellet-para-pururuca-media-11120\/#breadcrumb\",\"itemListElement\":[{\"@type\":\"ListItem\",\"position\":1,\"name\":\"In\u00edcio\",\"item\":\"https:\/\/rudolphdobrasil.com.br\/es\/?page_id=17273\"},{\"@type\":\"ListItem\",\"position\":2,\"name\":\"Productos\",\"item\":\"https:\/\/rudolphdobrasil.com.br\/es\/shop\/\"},{\"@type\":\"ListItem\",\"position\":3,\"name\":\"Pellet para Pururuca M\u00e9dia &#8211; 11120\"}]},{\"@type\":\"WebSite\",\"@id\":\"https:\/\/rudolphdobrasil.com.br\/#website\",\"url\":\"https:\/\/rudolphdobrasil.com.br\/\",\"name\":\"Rudolph Foods\",\"description\":\"Pellets para Pururuca &amp; Torresmo\",\"publisher\":{\"@id\":\"https:\/\/rudolphdobrasil.com.br\/#organization\"},\"potentialAction\":[{\"@type\":\"SearchAction\",\"target\":{\"@type\":\"EntryPoint\",\"urlTemplate\":\"https:\/\/rudolphdobrasil.com.br\/?s={search_term_string}\"},\"query-input\":{\"@type\":\"PropertyValueSpecification\",\"valueRequired\":true,\"valueName\":\"search_term_string\"}}],\"inLanguage\":\"es\"},{\"@type\":\"Organization\",\"@id\":\"https:\/\/rudolphdobrasil.com.br\/#organization\",\"name\":\"Rudolph Foods do Brasil\",\"url\":\"https:\/\/rudolphdobrasil.com.br\/\",\"logo\":{\"@type\":\"ImageObject\",\"inLanguage\":\"es\",\"@id\":\"https:\/\/rudolphdobrasil.com.br\/#\/schema\/logo\/image\/\",\"url\":\"https:\/\/rudolphdobrasil.com.br\/wp-content\/uploads\/2016\/09\/logo-rudolph-foods-footer.png\",\"contentUrl\":\"https:\/\/rudolphdobrasil.com.br\/wp-content\/uploads\/2016\/09\/logo-rudolph-foods-footer.png\",\"width\":400,\"height\":250,\"caption\":\"Rudolph Foods do Brasil\"},\"image\":{\"@id\":\"https:\/\/rudolphdobrasil.com.br\/#\/schema\/logo\/image\/\"}}]}<\/script>\n<!-- \/ Yoast SEO plugin. -->","yoast_head_json":{"title":"Pellet para Pururuca M\u00e9dia - 11120 &#8212; Rudolph Foods","robots":{"index":"index","follow":"follow","max-snippet":"max-snippet:-1","max-image-preview":"max-image-preview:large","max-video-preview":"max-video-preview:-1"},"canonical":"https:\/\/rudolphdobrasil.com.br\/produto\/pellet-para-pururuca-media-11120\/","og_locale":"es_ES","og_type":"article","og_title":"Pellet para Pururuca M\u00e9dia - 11120 &#8212; Rudolph Foods","og_description":"Pellet para Pururuca Desidratada e Pr\u00e9-Pronta de Alta Expans\u00e3o, Sabor Mais Suave, Cor Mais Clara e Muito Saborosa.","og_url":"https:\/\/rudolphdobrasil.com.br\/produto\/pellet-para-pururuca-media-11120\/","og_site_name":"Rudolph Foods","article_modified_time":"2020-08-28T16:47:19+00:00","og_image":[{"width":500,"height":500,"url":"https:\/\/rudolphdobrasil.com.br\/wp-content\/uploads\/2017\/06\/pururuca-media-11120.jpg","type":"image\/jpeg"}],"twitter_card":"summary_large_image","schema":{"@context":"https:\/\/schema.org","@graph":[{"@type":"WebPage","@id":"https:\/\/rudolphdobrasil.com.br\/produto\/pellet-para-pururuca-media-11120\/","url":"https:\/\/rudolphdobrasil.com.br\/produto\/pellet-para-pururuca-media-11120\/","name":"Pellet para Pururuca M\u00e9dia - 11120 &#8212; Rudolph Foods","isPartOf":{"@id":"https:\/\/rudolphdobrasil.com.br\/#website"},"primaryImageOfPage":{"@id":"https:\/\/rudolphdobrasil.com.br\/produto\/pellet-para-pururuca-media-11120\/#primaryimage"},"image":{"@id":"https:\/\/rudolphdobrasil.com.br\/produto\/pellet-para-pururuca-media-11120\/#primaryimage"},"thumbnailUrl":"https:\/\/rudolphdobrasil.com.br\/wp-content\/uploads\/2017\/06\/pururuca-media-11120.jpg","datePublished":"2017-06-01T20:46:36+00:00","dateModified":"2020-08-28T16:47:19+00:00","breadcrumb":{"@id":"https:\/\/rudolphdobrasil.com.br\/produto\/pellet-para-pururuca-media-11120\/#breadcrumb"},"inLanguage":"es","potentialAction":[{"@type":"ReadAction","target":["https:\/\/rudolphdobrasil.com.br\/produto\/pellet-para-pururuca-media-11120\/"]}]},{"@type":"ImageObject","inLanguage":"es","@id":"https:\/\/rudolphdobrasil.com.br\/produto\/pellet-para-pururuca-media-11120\/#primaryimage","url":"https:\/\/rudolphdobrasil.com.br\/wp-content\/uploads\/2017\/06\/pururuca-media-11120.jpg","contentUrl":"https:\/\/rudolphdobrasil.com.br\/wp-content\/uploads\/2017\/06\/pururuca-media-11120.jpg","width":500,"height":500},{"@type":"BreadcrumbList","@id":"https:\/\/rudolphdobrasil.com.br\/produto\/pellet-para-pururuca-media-11120\/#breadcrumb","itemListElement":[{"@type":"ListItem","position":1,"name":"In\u00edcio","item":"https:\/\/rudolphdobrasil.com.br\/es\/?page_id=17273"},{"@type":"ListItem","position":2,"name":"Productos","item":"https:\/\/rudolphdobrasil.com.br\/es\/shop\/"},{"@type":"ListItem","position":3,"name":"Pellet para Pururuca M\u00e9dia &#8211; 11120"}]},{"@type":"WebSite","@id":"https:\/\/rudolphdobrasil.com.br\/#website","url":"https:\/\/rudolphdobrasil.com.br\/","name":"Rudolph Foods","description":"Pellets para Pururuca &amp; Torresmo","publisher":{"@id":"https:\/\/rudolphdobrasil.com.br\/#organization"},"potentialAction":[{"@type":"SearchAction","target":{"@type":"EntryPoint","urlTemplate":"https:\/\/rudolphdobrasil.com.br\/?s={search_term_string}"},"query-input":{"@type":"PropertyValueSpecification","valueRequired":true,"valueName":"search_term_string"}}],"inLanguage":"es"},{"@type":"Organization","@id":"https:\/\/rudolphdobrasil.com.br\/#organization","name":"Rudolph Foods do Brasil","url":"https:\/\/rudolphdobrasil.com.br\/","logo":{"@type":"ImageObject","inLanguage":"es","@id":"https:\/\/rudolphdobrasil.com.br\/#\/schema\/logo\/image\/","url":"https:\/\/rudolphdobrasil.com.br\/wp-content\/uploads\/2016\/09\/logo-rudolph-foods-footer.png","contentUrl":"https:\/\/rudolphdobrasil.com.br\/wp-content\/uploads\/2016\/09\/logo-rudolph-foods-footer.png","width":400,"height":250,"caption":"Rudolph Foods do Brasil"},"image":{"@id":"https:\/\/rudolphdobrasil.com.br\/#\/schema\/logo\/image\/"}}]}},"_links":{"self":[{"href":"https:\/\/rudolphdobrasil.com.br\/es\/wp-json\/wp\/v2\/product\/8752","targetHints":{"allow":["GET"]}}],"collection":[{"href":"https:\/\/rudolphdobrasil.com.br\/es\/wp-json\/wp\/v2\/product"}],"about":[{"href":"https:\/\/rudolphdobrasil.com.br\/es\/wp-json\/wp\/v2\/types\/product"}],"replies":[{"embeddable":true,"href":"https:\/\/rudolphdobrasil.com.br\/es\/wp-json\/wp\/v2\/comments?post=8752"}],"wp:featuredmedia":[{"embeddable":true,"href":"https:\/\/rudolphdobrasil.com.br\/es\/wp-json\/wp\/v2\/media\/8755"}],"wp:attachment":[{"href":"https:\/\/rudolphdobrasil.com.br\/es\/wp-json\/wp\/v2\/media?parent=8752"}],"wp:term":[{"taxonomy":"product_brand","embeddable":true,"href":"https:\/\/rudolphdobrasil.com.br\/es\/wp-json\/wp\/v2\/product_brand?post=8752"},{"taxonomy":"product_cat","embeddable":true,"href":"https:\/\/rudolphdobrasil.com.br\/es\/wp-json\/wp\/v2\/product_cat?post=8752"},{"taxonomy":"product_tag","embeddable":true,"href":"https:\/\/rudolphdobrasil.com.br\/es\/wp-json\/wp\/v2\/product_tag?post=8752"}],"curies":[{"name":"wp","href":"https:\/\/api.w.org\/{rel}","templated":true}]}}